{"id":113264,"date":"2023-10-30T18:59:04","date_gmt":"2023-10-30T18:59:04","guid":{"rendered":"https:\/\/leonarubin.com\/datenschutzpolitik\/"},"modified":"2025-01-31T11:39:13","modified_gmt":"2025-01-31T11:39:13","slug":"politica-de-privacidad","status":"publish","type":"page","link":"https:\/\/www.leonarubin.com\/es\/politica-de-privacidad\/","title":{"rendered":"POL\u00cdTICA DE PRIVACIDAD"},"content":{"rendered":"<div class=\"wpb-content-wrapper\"><p>[vc_row row_height_percent=\u00bb49&#8243; overlay_alpha=\u00bb50&#8243; gutter_size=\u00bb3&#8243; column_width_percent=\u00bb100&#8243; shift_y=\u00bb0&#8243; z_index=\u00bb0&#8243; front_end_with_slider=\u00bbtrue\u00bb uncode_shortcode_id=\u00bb268888&#8243;][vc_column column_width_percent=\u00bb100&#8243; gutter_size=\u00bb3&#8243; overlay_alpha=\u00bb50&#8243; shift_x=\u00bb0&#8243; shift_y=\u00bb0&#8243; shift_y_down=\u00bb0&#8243; z_index=\u00bb0&#8243; medium_width=\u00bb0&#8243; mobile_width=\u00bb0&#8243; width=\u00bb1\/1&#8243; uncode_shortcode_id=\u00bb557344&#8243;][uncode_slider slider_type=\u00bbfade\u00bb slider_interval=\u00bb5000&#8243; slider_navspeed=\u00bb1000&#8243; slider_loop=\u00bbyes\u00bb slider_hide_arrows=\u00bbyes\u00bb slider_hide_dots=\u00bbyes\u00bb][vc_row_inner row_inner_height_percent=\u00bb0&#8243; back_color=\u00bbcolor-nhtu\u00bb back_image=\u00bb111023&#8243; back_position=\u00bbcenter bottom\u00bb parallax=\u00bbyes\u00bb overlay_color=\u00bbcolor-jevc\u00bb overlay_alpha=\u00bb30&#8243; gutter_size=\u00bb3&#8243; shift_y=\u00bb0&#8243; z_index=\u00bb0&#8243; limit_content=\u00bbyes\u00bb front_end_with_slider=\u00bbtrue\u00bb uncode_shortcode_id=\u00bb131439&#8243; back_color_type=\u00bbuncode-palette\u00bb overlay_color_type=\u00bbuncode-palette\u00bb][vc_column_inner column_width_use_pixel=\u00bbyes\u00bb position_vertical=\u00bbmiddle\u00bb align_horizontal=\u00bbalign_center\u00bb gutter_size=\u00bb3&#8243; style=\u00bbdark\u00bb overlay_alpha=\u00bb50&#8243; shift_x=\u00bb0&#8243; shift_y=\u00bb0&#8243; shift_y_down=\u00bb0&#8243; z_index=\u00bb0&#8243; medium_width=\u00bb0&#8243; mobile_width=\u00bb0&#8243; zoom_width=\u00bb0&#8243; zoom_height=\u00bb0&#8243; width=\u00bb1\/1&#8243; column_width_pixel=\u00bb760&#8243; uncode_shortcode_id=\u00bb129691&#8243;][vc_single_image media=\u00bb110892&#8243; media_width_percent=\u00bb50&#8243; alignment=\u00bbcenter\u00bb uncode_shortcode_id=\u00bb595695&#8243;][\/vc_column_inner][\/vc_row_inner][\/uncode_slider][\/vc_column][\/vc_row][vc_row unlock_row_content=\u00bbyes\u00bb row_height_percent=\u00bb0&#8243; override_padding=\u00bbyes\u00bb h_padding=\u00bb3&#8243; top_padding=\u00bb3&#8243; bottom_padding=\u00bb2&#8243; back_color=\u00bbcolor-xsdn\u00bb overlay_alpha=\u00bb50&#8243; gutter_size=\u00bb3&#8243; column_width_percent=\u00bb100&#8243; shift_y=\u00bb0&#8243; z_index=\u00bb0&#8243; uncode_shortcode_id=\u00bb143773&#8243; back_color_type=\u00bbuncode-palette\u00bb][vc_column column_width_percent=\u00bb100&#8243; gutter_size=\u00bb0&#8243; override_padding=\u00bbyes\u00bb column_padding=\u00bb0&#8243; overlay_alpha=\u00bb50&#8243; shift_x=\u00bb0&#8243; shift_y=\u00bb0&#8243; shift_y_down=\u00bb0&#8243; z_index=\u00bb0&#8243; medium_width=\u00bb0&#8243; mobile_width=\u00bb0&#8243; width=\u00bb1\/1&#8243; uncode_shortcode_id=\u00bb795905&#8243;][vc_custom_heading text_font=\u00bbfont-149896&#8243; text_size=\u00bbh4&#8243; text_weight=\u00bb500&#8243; text_transform=\u00bbcapitalize\u00bb text_align=\u00bbtext-center\u00bb text_serif=\u00bb\u00bb uncode_shortcode_id=\u00bb169311&#8243; el_class=\u00bb01&#8243;]<img decoding=\"async\" class=\"alignnone wp-image-110921\" src=\"https:\/\/www.leonarubin.com\/wp-content\/uploads\/2023\/09\/cropped-favicon-1-300x300.png\" alt=\"\" width=\"30\" height=\"30\" srcset=\"https:\/\/www.leonarubin.com\/wp-content\/uploads\/2023\/09\/cropped-favicon-1-300x300.png 300w, https:\/\/www.leonarubin.com\/wp-content\/uploads\/2023\/09\/cropped-favicon-1-150x150.png 150w, https:\/\/www.leonarubin.com\/wp-content\/uploads\/2023\/09\/cropped-favicon-1-100x100.png 100w, https:\/\/www.leonarubin.com\/wp-content\/uploads\/2023\/09\/cropped-favicon-1-270x270.png 270w, https:\/\/www.leonarubin.com\/wp-content\/uploads\/2023\/09\/cropped-favicon-1-192x192.png 192w, https:\/\/www.leonarubin.com\/wp-content\/uploads\/2023\/09\/cropped-favicon-1-180x180.png 180w, https:\/\/www.leonarubin.com\/wp-content\/uploads\/2023\/09\/cropped-favicon-1-32x32.png 32w, https:\/\/www.leonarubin.com\/wp-content\/uploads\/2023\/09\/cropped-favicon-1.png 512w\" sizes=\"(max-width: 30px) 100vw, 30px\" \/><\/p>\n<hr class=\"new4\" \/>\n<p>[\/vc_custom_heading][vc_custom_heading heading_semantic=\u00bbh1&#8243; text_font=\u00bbfont-149896&#8243; text_size=\u00bbfontsize-153458&#8243; text_weight=\u00bb500&#8243; text_transform=\u00bbcapitalize\u00bb text_align=\u00bbtext-center\u00bb text_serif=\u00bb\u00bb uncode_shortcode_id=\u00bb168846&#8243;]POL\u00cdTICA DE PRIVACIDAD[\/vc_custom_heading][vc_empty_space empty_h=\u00bb1&#8243;][vc_column_text uncode_shortcode_id=\u00bb193126&#8243; css=\u00bb.vc_custom_1731518058725{padding-right: 3% !important;}\u00bb]<\/p>\n<p class=\"p1\">LRRE Trading S.L., est\u00e1 especialmente sensibilizado en la protecci\u00f3n de datos de car\u00e1cter personal de los\/las Usuarios\/as de los servicios del sitio Web.<\/p>\n<p class=\"p1\">Mediante la presente Pol\u00edtica de Privacidad (o Pol\u00edtica de Protecci\u00f3n de Datos) LRRE Trading S.L. informa a los\/las USUARIOS\/AS del sitio web www.LeonaRubin.com de los usos a los que se someten los datos de car\u00e1cter personal que se recaban en sitio Web, con el fin de que decidan, libre y voluntariamente, si desean facilitar la informaci\u00f3n solicitada.<\/p>\n<p class=\"p1\">LRRE Trading S.L., se reserva la facultad de modificar esta Pol\u00edtica con el objeto de adaptarla a novedades legislativas, criterios jurisprudenciales, pr\u00e1cticas del sector, o intereses de la entidad. Por ello, este Aviso Legal est\u00e1 sujeto a cambios y actualizaciones por lo que la versi\u00f3n publicada puede ser diferente en cada momento en que el\/la Usuario\/a acceda. Por tanto, el\/la Usuario\/a debe leerlo en todas y cada una de las ocasiones en que acceda.<\/p>\n<p class=\"p2\"><b>RESPONSABLE<\/b><\/p>\n<p class=\"p1\">El Responsable del Tratamiento de los datos de car\u00e1cter personal es LRRE Trading S.L., con direcci\u00f3n a estos efectos en Avda. Pescadores n\u00ba6, 38686 Gu\u00eda de Isora, Espa\u00f1a.<\/p>\n<p class=\"p1\">Email: info@LeonaRubin.com<\/p>\n<p class=\"p2\"><b>FINALIDAD DEL TRATAMIENTO<\/b><\/p>\n<p class=\"p1\">LRRE Trading S.L. tratar\u00e1 los datos aportados por los\/las usuarios\/as con el fin de gestionar la solicitud que se realice por los mismos, as\u00ed como las informadas en cada momento que se recaban datos personales.<\/p>\n<p class=\"p2\"><b>PRINCIPIOS DE APLICACI\u00d3N AL TRATAMIENTO DE LOS DATOS<\/b><\/p>\n<p class=\"p1\">En el tratamiento de los datos personales ser\u00e1n de aplicaci\u00f3n los siguientes principios:<\/p>\n<ul class=\"ul1\">\n<li class=\"li1\">Los datos personales deben ser tratados de forma l\u00edcita, leal y transparente.<\/li>\n<li class=\"li1\">Los datos personales deben ser recogidos con fines determinados expl\u00edcitos y leg\u00edtimos.<\/li>\n<li class=\"li1\">Los datos personales deben ser adecuados, pertinentes y limitados a lo necesario en relaci\u00f3n con el tratamiento.<\/li>\n<li class=\"li1\">Los datos personales deben ser exactos y estar siempre actualizados.<\/li>\n<li class=\"li1\">Los datos personales deben mantenerse de forma que se permita la identificaci\u00f3n de los interesados durante no m\u00e1s tiempo del necesario para los fines del tratamiento.<\/li>\n<li class=\"li1\">Los datos personales deben ser tratados de tal manera que se garantice su seguridad.<\/li>\n<\/ul>\n<p class=\"p2\"><b>LEGITIMACI\u00d3N PARA EL TRATAMIENTO DE LOS DATOS<\/b><\/p>\n<p class=\"p1\">LRRE Trading S.L. est\u00e1 legitimado al tratamiento de datos personales, en base al consentimiento otorgado por el interesado\/a mediante la firma o aceptaci\u00f3n de los pertinentes formularios y\/o documentos, para uno o varios fines espec\u00edficos.<\/p>\n<p class=\"p2\"><b>COMUNICACIONES DE DATOS \u2013 DESTINATARIOS<\/b><\/p>\n<p class=\"p1\">No habr\u00e1 cesi\u00f3n de datos personales a terceros, salvo obligaci\u00f3n legal o previa autorizaci\u00f3n del interesado\/a consintiendo de forma clara, inequ\u00edvoca y expresa. No habr\u00e1 transferencias internaciones de datos.<\/p>\n<p class=\"p1\">En todo caso, se comunicar\u00e1n o ceder\u00e1n datos bajo petici\u00f3n, a:<\/p>\n<ul class=\"ul1\">\n<li class=\"li1\">\u00d3rganos jurisdiccionales.<\/li>\n<li class=\"li1\">Administracion General del Estado, de las Comunidades Aut\u00f3nomas, Local e Instituciones de car\u00e1cter p\u00fablico competentes, para el ejercicio de competencias similares o cuando as\u00ed lo establezca una ley.<\/li>\n<li class=\"li1\">Entidades p\u00fablicas que le vengan impuestas en norma de ley.<\/li>\n<li class=\"li1\">Cualquier otra que resulte de la normativa vigente.<\/li>\n<\/ul>\n<p class=\"p2\"><b>PLAZO DE CONSERVACI\u00d3N<\/b><\/p>\n<p class=\"p1\">Dependiendo la tipolog\u00eda de datos objeto de tratamiento, con car\u00e1cter enunciativo y no limitativo, los datos personales proporcionados se conservar\u00e1n durante el plazo correspondiente para cumplir con las obligaciones legales, mientras no se oponga al tratamiento o revoque el consentimiento:<\/p>\n<ul class=\"ul1\">\n<li class=\"li1\">Una vez extinguida la relaci\u00f3n contractual y\/o profesional, los mantendremos bloqueados durante los plazos de prescripci\u00f3n legal.<\/li>\n<\/ul>\n<p class=\"p2\"><b>EXACTITUD DE LOS DATOS<\/b><\/p>\n<p class=\"p1\">Por otro lado, con el fin de que los datos obrantes en nuestros registros y ficheros, inform\u00e1ticos y\/o en papel, siempre correspondan, se tratar\u00e1 de mantener actualizados. De manera que, a estos efectos, el\/la interesado\/a deber\u00e1 comunicar cualquier cambio y\/o modificaci\u00f3n a LRRE Trading S.L.<\/p>\n<p class=\"p2\"><b>DESTINATARIOS<\/b><\/p>\n<p class=\"p1\">Los datos personales no ser\u00e1n cedidos o comunicados a terceros, salvo en los supuestos necesarios para el desarrollo, control y cumplimiento de la\/s finalidad\/es expresada\/s, en los supuestos previstos, seg\u00fan Ley.<\/p>\n<p class=\"p2\"><b>DERECHOS DE LOS USUARIOS<\/b><\/p>\n<p class=\"p1\">No obstante, el\/la interesado\/a de los datos personales en todo caso podr\u00e1 ejercitar los derechos que le asisten, de acuerdo con el Reglamento General de Protecci\u00f3n de Datos, y que son:<\/p>\n<ul class=\"ul1\">\n<li class=\"li1\"><span class=\"s2\"><b>Derecho de Informaci\u00f3n<\/b><\/span>: tiene derecho a ser informado de forma clara ANTES de que sus datos sean recogidos y\/o recabados, sobre aquellos que ser\u00e1n tratados, con qu\u00e9 finalidad se tratan, donde se han obtenido y\/o recabados y las posibles comunicaciones.<\/li>\n<li class=\"li1\"><span class=\"s2\"><b>Derecho de Acceso<\/b><\/span>: para conocer qu\u00e9 datos est\u00e1n siendo tratados, con qu\u00e9 finalidad se tratan, donde se han obtenido y\/o recabados y las posibles comunicaciones.<\/li>\n<li class=\"li1\"><span class=\"s2\"><b>Derecho de Rectificaci\u00f3n<\/b><\/span>: para modificar aquellos datos inexactos o incompletos.<\/li>\n<li class=\"li1\"><span class=\"s2\"><b>Derecho de Cancelaci\u00f3n<\/b><\/span>: para cancelar datos inadecuados o excesivos.<\/li>\n<li class=\"li1\"><span class=\"s2\"><b>Derecho de Oposici\u00f3n<\/b><\/span>: para evitar que se traten datos o que dejen de tratarse, aunque s\u00f3lo en los supuestos que establece la ley.<\/li>\n<li class=\"li1\"><span class=\"s2\"><b>Derecho de Limitaci\u00f3n de Tratamiento<\/b><\/span>: para solicitar que se suspenda el tratamiento de datos en los supuestos que establece la ley.<\/li>\n<li class=\"li1\"><span class=\"s2\"><b>Derecho a la Portabilidad de los Datos<\/b><\/span>: para poder recibir datos facilitados en un formato electr\u00f3nico estructurado y de uso habitual y poder transmitirlos a otro responsable.<\/li>\n<li class=\"li1\"><span class=\"s2\"><b>Derecho a no ser Objeto de Decisiones Individualizadas<\/b><\/span>: con el fin de que no se tome una decisi\u00f3n sobre sus datos, que produzca efectos jur\u00eddicos o afecte al interesado\/a, basada solo en el tratamiento.<\/li>\n<\/ul>\n<p class=\"p1\">El\/La interesado\/a podr\u00e1 ejercitar tales derechos mediante solicitud acompa\u00f1ada de una fotocopia de su DNI,\u00a0<span class=\"s2\"><b>por correo postal<\/b><\/span>\u00a0a la direcci\u00f3n: Avda. Pescadores n\u00ba6, 38686 Gu\u00eda de Isora, Espa\u00f1a\u00a0o al\u00a0<span class=\"s2\"><b>correo electr\u00f3nico:\u00a0<\/b><\/span>info@LeonaRubin.com.<\/p>\n<p class=\"p1\">En caso de considerar vulnerado su derecho a la protecci\u00f3n de datos personales, podr\u00e1 interponer una reclamaci\u00f3n (Tutela de derechos) ante la Agencia Espa\u00f1ola de Protecci\u00f3n de Datos (<a href=\"http:\/\/www.agpd.es\"><span class=\"s3\">www.agpd.es<\/span><\/a>).<\/p>\n<p class=\"p2\"><b>MEDIDAS DE SEGURIDAD<\/b><\/p>\n<p class=\"p1\">Finalmente se informa que LRRE Trading S.L., adoptar\u00e1 en su sistema de informaci\u00f3n las medidas t\u00e9cnicas y organizativas adecuadas, dando cumplimiento al principio de responsabilidad proactiva, a fin de garantizar la seguridad y confidencialidad de los datos almacenados, evitando as\u00ed, su alteraci\u00f3n, p\u00e9rdida, tratamiento o acceso no autorizado; teniendo en cuenta el estado de la t\u00e9cnica, los costes de aplicaci\u00f3n, y la naturaleza, el alcance, el contexto y los fines del tratamiento, as\u00ed como riesgos de probabilidad y gravedad variables asociadas a cada uno de los tratamientos.<\/p>\n<p>[\/vc_column_text][\/vc_column][\/vc_row]<\/p>\n<\/div>","protected":false},"excerpt":{"rendered":"<p>[vc_row row_height_percent=\u00bb49&#8243; overlay_alpha=\u00bb50&#8243; gutter_size=\u00bb3&#8243; column_width_percent=\u00bb100&#8243; shift_y=\u00bb0&#8243; z_index=\u00bb0&#8243; front_end_with_slider=\u00bbtrue\u00bb uncode_shortcode_id=\u00bb268888&#8243;][vc_column column_width_percent=\u00bb100&#8243; gutter_size=\u00bb3&#8243; overlay_alpha=\u00bb50&#8243; shift_x=\u00bb0&#8243; shift_y=\u00bb0&#8243; shift_y_down=\u00bb0&#8243; z_index=\u00bb0&#8243; medium_width=\u00bb0&#8243; mobile_width=\u00bb0&#8243; width=\u00bb1\/1&#8243; uncode_shortcode_id=\u00bb557344&#8243;][uncode_slider [&hellip;]<\/p>\n","protected":false},"author":1,"featured_media":0,"parent":0,"menu_order":0,"comment_status":"closed","ping_status":"closed","template":"","meta":{"footnotes":""},"class_list":["post-113264","page","type-page","status-publish","hentry"],"yoast_head":"<!-- This site is optimized with the Yoast SEO plugin v27.4 - https:\/\/yoast.com\/product\/yoast-seo-wordpress\/ -->\n<title>Responsable de la pol\u00edtica de privacidad - LeonaRubin<\/title>\n<meta name=\"description\" content=\"LRRE Trading S.L. presta especial atenci\u00f3n a la protecci\u00f3n de los datos personales de los usuarios de los servicios de este sitio web.\" \/>\n<meta name=\"robots\" content=\"index, follow, max-snippet:-1, max-image-preview:large, max-video-preview:-1\" \/>\n<link rel=\"canonical\" href=\"https:\/\/www.leonarubin.com\/es\/politica-de-privacidad\/\" \/>\n<meta property=\"og:locale\" content=\"es_ES\" \/>\n<meta property=\"og:type\" content=\"article\" \/>\n<meta property=\"og:title\" content=\"Responsable de la pol\u00edtica de privacidad - LeonaRubin\" \/>\n<meta property=\"og:description\" content=\"LRRE Trading S.L. presta especial atenci\u00f3n a la protecci\u00f3n de los datos personales de los usuarios de los servicios de este sitio web.\" \/>\n<meta property=\"og:url\" content=\"https:\/\/www.leonarubin.com\/es\/politica-de-privacidad\/\" \/>\n<meta property=\"og:site_name\" content=\"LeonaRubin\" \/>\n<meta property=\"article:publisher\" content=\"https:\/\/www.instagram.com\/leonarubinrealestate\/\" \/>\n<meta property=\"article:modified_time\" content=\"2025-01-31T11:39:13+00:00\" \/>\n<meta property=\"og:image\" content=\"https:\/\/www.leonarubin.com\/wp-content\/uploads\/2023\/09\/cropped-favicon-1-300x300.png\" \/>\n<meta name=\"twitter:card\" content=\"summary_large_image\" \/>\n<meta name=\"twitter:label1\" content=\"Tiempo de lectura\" \/>\n\t<meta name=\"twitter:data1\" content=\"7 minutos\" \/>\n<script type=\"application\/ld+json\" class=\"yoast-schema-graph\">{\"@context\":\"https:\\\/\\\/schema.org\",\"@graph\":[{\"@type\":\"WebPage\",\"@id\":\"https:\\\/\\\/www.leonarubin.com\\\/es\\\/politica-de-privacidad\\\/\",\"url\":\"https:\\\/\\\/www.leonarubin.com\\\/es\\\/politica-de-privacidad\\\/\",\"name\":\"Responsable de la pol\u00edtica de privacidad - LeonaRubin\",\"isPartOf\":{\"@id\":\"https:\\\/\\\/www.leonarubin.com\\\/#website\"},\"primaryImageOfPage\":{\"@id\":\"https:\\\/\\\/www.leonarubin.com\\\/es\\\/politica-de-privacidad\\\/#primaryimage\"},\"image\":{\"@id\":\"https:\\\/\\\/www.leonarubin.com\\\/es\\\/politica-de-privacidad\\\/#primaryimage\"},\"thumbnailUrl\":\"https:\\\/\\\/www.leonarubin.com\\\/wp-content\\\/uploads\\\/2023\\\/09\\\/cropped-favicon-1-300x300.png\",\"datePublished\":\"2023-10-30T18:59:04+00:00\",\"dateModified\":\"2025-01-31T11:39:13+00:00\",\"description\":\"LRRE Trading S.L. presta especial atenci\u00f3n a la protecci\u00f3n de los datos personales de los usuarios de los servicios de este sitio web.\",\"breadcrumb\":{\"@id\":\"https:\\\/\\\/www.leonarubin.com\\\/es\\\/politica-de-privacidad\\\/#breadcrumb\"},\"inLanguage\":\"es\",\"potentialAction\":[{\"@type\":\"ReadAction\",\"target\":[\"https:\\\/\\\/www.leonarubin.com\\\/es\\\/politica-de-privacidad\\\/\"]}]},{\"@type\":\"ImageObject\",\"inLanguage\":\"es\",\"@id\":\"https:\\\/\\\/www.leonarubin.com\\\/es\\\/politica-de-privacidad\\\/#primaryimage\",\"url\":\"https:\\\/\\\/www.leonarubin.com\\\/wp-content\\\/uploads\\\/2023\\\/09\\\/cropped-favicon-1-300x300.png\",\"contentUrl\":\"https:\\\/\\\/www.leonarubin.com\\\/wp-content\\\/uploads\\\/2023\\\/09\\\/cropped-favicon-1-300x300.png\"},{\"@type\":\"BreadcrumbList\",\"@id\":\"https:\\\/\\\/www.leonarubin.com\\\/es\\\/politica-de-privacidad\\\/#breadcrumb\",\"itemListElement\":[{\"@type\":\"ListItem\",\"position\":1,\"name\":\"Startseite\",\"item\":\"https:\\\/\\\/www.leonarubin.com\\\/es\\\/\"},{\"@type\":\"ListItem\",\"position\":2,\"name\":\"POL\u00cdTICA DE PRIVACIDAD\"}]},{\"@type\":\"WebSite\",\"@id\":\"https:\\\/\\\/www.leonarubin.com\\\/#website\",\"url\":\"https:\\\/\\\/www.leonarubin.com\\\/\",\"name\":\"LeonaRubin\",\"description\":\"\",\"publisher\":{\"@id\":\"https:\\\/\\\/www.leonarubin.com\\\/#organization\"},\"potentialAction\":[{\"@type\":\"SearchAction\",\"target\":{\"@type\":\"EntryPoint\",\"urlTemplate\":\"https:\\\/\\\/www.leonarubin.com\\\/?s={search_term_string}\"},\"query-input\":{\"@type\":\"PropertyValueSpecification\",\"valueRequired\":true,\"valueName\":\"search_term_string\"}}],\"inLanguage\":\"es\"},{\"@type\":\"Organization\",\"@id\":\"https:\\\/\\\/www.leonarubin.com\\\/#organization\",\"name\":\"LeonaRubin Immobilien Teneriffa\",\"url\":\"https:\\\/\\\/www.leonarubin.com\\\/\",\"logo\":{\"@type\":\"ImageObject\",\"inLanguage\":\"es\",\"@id\":\"https:\\\/\\\/www.leonarubin.com\\\/#\\\/schema\\\/logo\\\/image\\\/\",\"url\":\"https:\\\/\\\/www.leonarubin.com\\\/wp-content\\\/uploads\\\/2023\\\/09\\\/leona-rubin-logo-v1.png\",\"contentUrl\":\"https:\\\/\\\/www.leonarubin.com\\\/wp-content\\\/uploads\\\/2023\\\/09\\\/leona-rubin-logo-v1.png\",\"width\":401,\"height\":153,\"caption\":\"LeonaRubin Immobilien Teneriffa\"},\"image\":{\"@id\":\"https:\\\/\\\/www.leonarubin.com\\\/#\\\/schema\\\/logo\\\/image\\\/\"},\"sameAs\":[\"https:\\\/\\\/www.instagram.com\\\/leonarubinrealestate\\\/\",\"https:\\\/\\\/www.youtube.com\\\/@LeonaRubinImmobilien\",\"https:\\\/\\\/de.pinterest.com\\\/leonarubinimmobilienteneriffa\\\/\"]}]}<\/script>\n<!-- \/ Yoast SEO plugin. -->","yoast_head_json":{"title":"Responsable de la pol\u00edtica de privacidad - LeonaRubin","description":"LRRE Trading S.L. presta especial atenci\u00f3n a la protecci\u00f3n de los datos personales de los usuarios de los servicios de este sitio web.","robots":{"index":"index","follow":"follow","max-snippet":"max-snippet:-1","max-image-preview":"max-image-preview:large","max-video-preview":"max-video-preview:-1"},"canonical":"https:\/\/www.leonarubin.com\/es\/politica-de-privacidad\/","og_locale":"es_ES","og_type":"article","og_title":"Responsable de la pol\u00edtica de privacidad - LeonaRubin","og_description":"LRRE Trading S.L. presta especial atenci\u00f3n a la protecci\u00f3n de los datos personales de los usuarios de los servicios de este sitio web.","og_url":"https:\/\/www.leonarubin.com\/es\/politica-de-privacidad\/","og_site_name":"LeonaRubin","article_publisher":"https:\/\/www.instagram.com\/leonarubinrealestate\/","article_modified_time":"2025-01-31T11:39:13+00:00","og_image":[{"url":"https:\/\/www.leonarubin.com\/wp-content\/uploads\/2023\/09\/cropped-favicon-1-300x300.png","type":"","width":"","height":""}],"twitter_card":"summary_large_image","twitter_misc":{"Tiempo de lectura":"7 minutos"},"schema":{"@context":"https:\/\/schema.org","@graph":[{"@type":"WebPage","@id":"https:\/\/www.leonarubin.com\/es\/politica-de-privacidad\/","url":"https:\/\/www.leonarubin.com\/es\/politica-de-privacidad\/","name":"Responsable de la pol\u00edtica de privacidad - LeonaRubin","isPartOf":{"@id":"https:\/\/www.leonarubin.com\/#website"},"primaryImageOfPage":{"@id":"https:\/\/www.leonarubin.com\/es\/politica-de-privacidad\/#primaryimage"},"image":{"@id":"https:\/\/www.leonarubin.com\/es\/politica-de-privacidad\/#primaryimage"},"thumbnailUrl":"https:\/\/www.leonarubin.com\/wp-content\/uploads\/2023\/09\/cropped-favicon-1-300x300.png","datePublished":"2023-10-30T18:59:04+00:00","dateModified":"2025-01-31T11:39:13+00:00","description":"LRRE Trading S.L. presta especial atenci\u00f3n a la protecci\u00f3n de los datos personales de los usuarios de los servicios de este sitio web.","breadcrumb":{"@id":"https:\/\/www.leonarubin.com\/es\/politica-de-privacidad\/#breadcrumb"},"inLanguage":"es","potentialAction":[{"@type":"ReadAction","target":["https:\/\/www.leonarubin.com\/es\/politica-de-privacidad\/"]}]},{"@type":"ImageObject","inLanguage":"es","@id":"https:\/\/www.leonarubin.com\/es\/politica-de-privacidad\/#primaryimage","url":"https:\/\/www.leonarubin.com\/wp-content\/uploads\/2023\/09\/cropped-favicon-1-300x300.png","contentUrl":"https:\/\/www.leonarubin.com\/wp-content\/uploads\/2023\/09\/cropped-favicon-1-300x300.png"},{"@type":"BreadcrumbList","@id":"https:\/\/www.leonarubin.com\/es\/politica-de-privacidad\/#breadcrumb","itemListElement":[{"@type":"ListItem","position":1,"name":"Startseite","item":"https:\/\/www.leonarubin.com\/es\/"},{"@type":"ListItem","position":2,"name":"POL\u00cdTICA DE PRIVACIDAD"}]},{"@type":"WebSite","@id":"https:\/\/www.leonarubin.com\/#website","url":"https:\/\/www.leonarubin.com\/","name":"LeonaRubin","description":"","publisher":{"@id":"https:\/\/www.leonarubin.com\/#organization"},"potentialAction":[{"@type":"SearchAction","target":{"@type":"EntryPoint","urlTemplate":"https:\/\/www.leonarubin.com\/?s={search_term_string}"},"query-input":{"@type":"PropertyValueSpecification","valueRequired":true,"valueName":"search_term_string"}}],"inLanguage":"es"},{"@type":"Organization","@id":"https:\/\/www.leonarubin.com\/#organization","name":"LeonaRubin Immobilien Teneriffa","url":"https:\/\/www.leonarubin.com\/","logo":{"@type":"ImageObject","inLanguage":"es","@id":"https:\/\/www.leonarubin.com\/#\/schema\/logo\/image\/","url":"https:\/\/www.leonarubin.com\/wp-content\/uploads\/2023\/09\/leona-rubin-logo-v1.png","contentUrl":"https:\/\/www.leonarubin.com\/wp-content\/uploads\/2023\/09\/leona-rubin-logo-v1.png","width":401,"height":153,"caption":"LeonaRubin Immobilien Teneriffa"},"image":{"@id":"https:\/\/www.leonarubin.com\/#\/schema\/logo\/image\/"},"sameAs":["https:\/\/www.instagram.com\/leonarubinrealestate\/","https:\/\/www.youtube.com\/@LeonaRubinImmobilien","https:\/\/de.pinterest.com\/leonarubinimmobilienteneriffa\/"]}]}},"_links":{"self":[{"href":"https:\/\/www.leonarubin.com\/es\/wp-json\/wp\/v2\/pages\/113264","targetHints":{"allow":["GET"]}}],"collection":[{"href":"https:\/\/www.leonarubin.com\/es\/wp-json\/wp\/v2\/pages"}],"about":[{"href":"https:\/\/www.leonarubin.com\/es\/wp-json\/wp\/v2\/types\/page"}],"author":[{"embeddable":true,"href":"https:\/\/www.leonarubin.com\/es\/wp-json\/wp\/v2\/users\/1"}],"replies":[{"embeddable":true,"href":"https:\/\/www.leonarubin.com\/es\/wp-json\/wp\/v2\/comments?post=113264"}],"version-history":[{"count":3,"href":"https:\/\/www.leonarubin.com\/es\/wp-json\/wp\/v2\/pages\/113264\/revisions"}],"predecessor-version":[{"id":113822,"href":"https:\/\/www.leonarubin.com\/es\/wp-json\/wp\/v2\/pages\/113264\/revisions\/113822"}],"wp:attachment":[{"href":"https:\/\/www.leonarubin.com\/es\/wp-json\/wp\/v2\/media?parent=113264"}],"curies":[{"name":"wp","href":"https:\/\/api.w.org\/{rel}","templated":true}]}}