{"id":113270,"date":"2024-08-26T10:12:13","date_gmt":"2024-08-26T10:12:13","guid":{"rendered":"https:\/\/leonarubin.com\/cookies-politik\/"},"modified":"2025-01-31T11:47:38","modified_gmt":"2025-01-31T11:47:38","slug":"politica-de-cookies","status":"publish","type":"page","link":"https:\/\/www.leonarubin.com\/es\/politica-de-cookies\/","title":{"rendered":"POL\u00cdTICA DE COOKIES"},"content":{"rendered":"<div class=\"wpb-content-wrapper\"><p>[vc_row row_height_percent=\u00bb49&#8243; overlay_alpha=\u00bb50&#8243; gutter_size=\u00bb3&#8243; column_width_percent=\u00bb100&#8243; shift_y=\u00bb0&#8243; z_index=\u00bb0&#8243; front_end_with_slider=\u00bbtrue\u00bb uncode_shortcode_id=\u00bb268888&#8243;][vc_column column_width_percent=\u00bb100&#8243; gutter_size=\u00bb3&#8243; overlay_alpha=\u00bb50&#8243; shift_x=\u00bb0&#8243; shift_y=\u00bb0&#8243; shift_y_down=\u00bb0&#8243; z_index=\u00bb0&#8243; medium_width=\u00bb0&#8243; mobile_width=\u00bb0&#8243; width=\u00bb1\/1&#8243; uncode_shortcode_id=\u00bb557344&#8243;][uncode_slider slider_type=\u00bbfade\u00bb slider_interval=\u00bb5000&#8243; slider_navspeed=\u00bb1000&#8243; slider_loop=\u00bbyes\u00bb slider_hide_arrows=\u00bbyes\u00bb slider_hide_dots=\u00bbyes\u00bb][vc_row_inner row_inner_height_percent=\u00bb0&#8243; back_color=\u00bbcolor-nhtu\u00bb back_image=\u00bb111023&#8243; back_position=\u00bbcenter bottom\u00bb parallax=\u00bbyes\u00bb overlay_color=\u00bbcolor-jevc\u00bb overlay_alpha=\u00bb30&#8243; gutter_size=\u00bb3&#8243; shift_y=\u00bb0&#8243; z_index=\u00bb0&#8243; limit_content=\u00bbyes\u00bb front_end_with_slider=\u00bbtrue\u00bb uncode_shortcode_id=\u00bb131439&#8243; back_color_type=\u00bbuncode-palette\u00bb overlay_color_type=\u00bbuncode-palette\u00bb][vc_column_inner column_width_use_pixel=\u00bbyes\u00bb position_vertical=\u00bbmiddle\u00bb align_horizontal=\u00bbalign_center\u00bb gutter_size=\u00bb3&#8243; style=\u00bbdark\u00bb overlay_alpha=\u00bb50&#8243; shift_x=\u00bb0&#8243; shift_y=\u00bb0&#8243; shift_y_down=\u00bb0&#8243; z_index=\u00bb0&#8243; medium_width=\u00bb0&#8243; mobile_width=\u00bb0&#8243; zoom_width=\u00bb0&#8243; zoom_height=\u00bb0&#8243; width=\u00bb1\/1&#8243; column_width_pixel=\u00bb760&#8243; uncode_shortcode_id=\u00bb129691&#8243;][vc_single_image media=\u00bb110892&#8243; media_width_percent=\u00bb50&#8243; alignment=\u00bbcenter\u00bb uncode_shortcode_id=\u00bb595695&#8243;][\/vc_column_inner][\/vc_row_inner][\/uncode_slider][\/vc_column][\/vc_row][vc_row unlock_row_content=\u00bbyes\u00bb row_height_percent=\u00bb0&#8243; override_padding=\u00bbyes\u00bb h_padding=\u00bb3&#8243; top_padding=\u00bb3&#8243; bottom_padding=\u00bb2&#8243; back_color=\u00bbcolor-xsdn\u00bb overlay_alpha=\u00bb50&#8243; gutter_size=\u00bb3&#8243; column_width_percent=\u00bb100&#8243; shift_y=\u00bb0&#8243; z_index=\u00bb0&#8243; uncode_shortcode_id=\u00bb143773&#8243; back_color_type=\u00bbuncode-palette\u00bb][vc_column column_width_percent=\u00bb100&#8243; gutter_size=\u00bb0&#8243; override_padding=\u00bbyes\u00bb column_padding=\u00bb0&#8243; overlay_alpha=\u00bb50&#8243; shift_x=\u00bb0&#8243; shift_y=\u00bb0&#8243; shift_y_down=\u00bb0&#8243; z_index=\u00bb0&#8243; medium_width=\u00bb0&#8243; mobile_width=\u00bb0&#8243; width=\u00bb1\/1&#8243; uncode_shortcode_id=\u00bb795905&#8243;][vc_custom_heading text_font=\u00bbfont-149896&#8243; text_size=\u00bbh4&#8243; text_weight=\u00bb500&#8243; text_transform=\u00bbcapitalize\u00bb text_align=\u00bbtext-center\u00bb text_serif=\u00bb\u00bb uncode_shortcode_id=\u00bb169311&#8243; el_class=\u00bb01&#8243;]<img decoding=\"async\" class=\"alignnone wp-image-110921\" src=\"https:\/\/www.leonarubin.com\/wp-content\/uploads\/2023\/09\/cropped-favicon-1-300x300.png\" alt=\"\" width=\"30\" height=\"30\" srcset=\"https:\/\/www.leonarubin.com\/wp-content\/uploads\/2023\/09\/cropped-favicon-1-300x300.png 300w, https:\/\/www.leonarubin.com\/wp-content\/uploads\/2023\/09\/cropped-favicon-1-150x150.png 150w, https:\/\/www.leonarubin.com\/wp-content\/uploads\/2023\/09\/cropped-favicon-1-100x100.png 100w, https:\/\/www.leonarubin.com\/wp-content\/uploads\/2023\/09\/cropped-favicon-1-270x270.png 270w, https:\/\/www.leonarubin.com\/wp-content\/uploads\/2023\/09\/cropped-favicon-1-192x192.png 192w, https:\/\/www.leonarubin.com\/wp-content\/uploads\/2023\/09\/cropped-favicon-1-180x180.png 180w, https:\/\/www.leonarubin.com\/wp-content\/uploads\/2023\/09\/cropped-favicon-1-32x32.png 32w, https:\/\/www.leonarubin.com\/wp-content\/uploads\/2023\/09\/cropped-favicon-1.png 512w\" sizes=\"(max-width: 30px) 100vw, 30px\" \/><\/p>\n<hr class=\"new4\" \/>\n<p>[\/vc_custom_heading][vc_custom_heading heading_semantic=\u00bbh1&#8243; text_font=\u00bbfont-149896&#8243; text_size=\u00bbfontsize-153458&#8243; text_weight=\u00bb500&#8243; text_transform=\u00bbcapitalize\u00bb text_align=\u00bbtext-center\u00bb text_serif=\u00bb\u00bb uncode_shortcode_id=\u00bb159927&#8243;]POL\u00cdTICA DE COOKIES[\/vc_custom_heading][vc_empty_space empty_h=\u00bb1&#8243;][vc_column_text uncode_shortcode_id=\u00bb495158&#8243; css=\u00bb.vc_custom_1731518642241{padding-right: 3% !important;}\u00bb]<\/p>\n<p class=\"p1\">Pol\u00edtica de Cookies<\/p>\n<p class=\"p1\">1 \u2013 Qu\u00e9 son cookies?<\/p>\n<p class=\"p1\">\u00abCookies\u00bb son peque\u00f1as etiquetas de software que se almacenan en su computador a trav\u00e9s del navegador, reteniendo apenas informaci\u00f3n relacionada con sus preferencias, no incluyendo, como tal, sus datos personales.<\/p>\n<p class=\"p1\">2 \u2013 Para qu\u00e9 sirven las Cookies?<\/p>\n<p class=\"p1\">Las cookies sirven para ayudar a determinar la utilidad, inter\u00e9s y el n\u00famero de utilizaciones de sus p\u00e1ginas web, permitiendo una navegaci\u00f3n m\u00e1s r\u00e1pida y eficiente, eliminando la necesidad de introducir repetidamente las mismas informaciones.<\/p>\n<p class=\"p1\">3 \u2013 Que tipo de cookies utilizamos?<\/p>\n<p class=\"p1\">Existen dos grupos cookies que pueden ser utilizadas.<\/p>\n<p class=\"p1\">Cookies permanentes -son cookies que quedan almacenadas a nivel del navegador en sus equipos de acceso (pc, m\u00f3vil y tablet) y que son utilizadas siempre que hace una nueva visita a uno de nuestras p\u00e1ginas web. Se utilizan, generalmente, para direccionar la navegaci\u00f3n a los intereses del utilizador, permiti\u00e9ndonos prestar un servicio m\u00e1s personalizado.<\/p>\n<p class=\"p1\">Permiten que navegue en la p\u00e1gina web y que utilice sus aplicaciones, as\u00ed como acceder a \u00e1reas seguras de la p\u00e1gina web. Sin estas cookies, los servicios que haya requerido no pueden ser prestados.<\/p>\n<p class=\"p1\">Tipo de cookie e Finalidade<\/p>\n<p class=\"p1\">Cookies estrictamente necesarias<\/p>\n<p class=\"p1\">Permiten que navegue en la p\u00e1gina web y que utilice sus aplicaciones, as\u00ed como acceder a \u00e1reas seguras de la p\u00e1gina web. Sin estas cookies, los servicios que haya requerido no pueden ser prestados.<\/p>\n<p class=\"p1\">Cookies anal\u00edticos<\/p>\n<p class=\"p1\">Son utilizados anonimamente para efectos de creaci\u00f3n y analisis de estad\u00edsticas, con el sentido de mejorar el funcionamiento de pagina web.<\/p>\n<p class=\"p1\">Cookies de funcionalidad<\/p>\n<p class=\"p1\">Guardan las preferencias del utilizador relativamente a la utilizaci\u00f3n del site, de forma que no sea necesario volver a configurar el site cada vez que lo visita.<\/p>\n<p class=\"p1\">Cookies de terceros<\/p>\n<p class=\"p1\">Miden el \u00e9xito de aplicaciones y la eficacia de la publicidad de terceros. Pueden tambi\u00e9n ser utilizadas en el sentido de personalizar un widget con datos del utilizador.<\/p>\n<p class=\"p1\">Cookies de publicidad<\/p>\n<p class=\"p1\">Direccionan la publicidad en funci\u00f3n de los intereses de cada utilizador, siendo que, tambi\u00e9n limitan la cantidad de veces que ve el anuncio, ayudando a medir la eficacia de la publicidad y el \u00e9xito de la organizaci\u00f3n de la p\u00e1gina web.<\/p>\n<p class=\"p1\">4 \u2013 Como pode administrar las cookies?<\/p>\n<p class=\"p1\">Todos los navegadores permiten al utilizador aceptar, rechazar o eliminar las cookies, como por ejemplo a trav\u00e9s de la selecci\u00f3n de las definiciones apropiadas en el respectivo navegador. Puede configurar las cookies en el men\u00fa \u00abopciones\u00bb o \u00abpreferencias\u00bb de su navegador.<\/p>\n<p class=\"p1\">Note, sin embargo que, al desactivar cookies, puede impedir que algunos servicios de la web funcionen correctamente, afectando, parcial o totalmente la navegaci\u00f3n en la p\u00e1gina web. La desactivaci\u00f3n de las cookies no concede cualquier tipo de anonimato ni impide que p\u00e1ginas webs controlen sus h\u00e1bitos de b\u00fasqueda.<\/p>\n<p class=\"p1\">Configuraciones de cookies en Internet Explorer<\/p>\n<p class=\"p1\">Para desactivar todas las cookies en el Internet Explorer, efect\u00fae lo siguiente:<\/p>\n<p class=\"p1\">1) Haga clic en el men\u00fa \u00abHerramientas\u00bb y seleccione la opci\u00f3n \u00abOpciones de Internet\u00bb;<\/p>\n<p class=\"p1\">2) Seleccione la pesta\u00f1a \u00abPrivacidad\u00bb;<\/p>\n<p class=\"p1\">3) Mueva la barra para la parte superior, donde surgir\u00e1 \u00abBloquear todas las cookies\u00bb<\/p>\n<p class=\"p1\">Configuraciones de cookies en Firefox<\/p>\n<p class=\"p1\">Para desativar todos os cookies no Mozilla Firefox, efetue o seguinte:<\/p>\n<p class=\"p1\">Haga clic en el men\u00fa \u00abHerramientas\u00bb;<\/p>\n<p class=\"p1\">Seleccione \u00abOpciones\u00bb;<\/p>\n<p class=\"p1\">Clic en el \u00edcono \u00abPrivacidad\u00bb, que se encuentra en el panel superior;<\/p>\n<p class=\"p1\">En la secci\u00f3n \u00abCookies\u00bb desactive la opci\u00f3n \u00abAceptar cookies de los sites\u00bb;<\/p>\n<p class=\"p1\">Haga clic en \u00abOK\u00bb para guardar las alteraciones y cierre.<\/p>\n<p class=\"p1\">Configuraciones de cookies en Chrome<\/p>\n<p class=\"p1\">Haga clic en \u00abPersonalizar y Controlar Google Chrome\u00bb (s\u00edmbolo);<\/p>\n<p class=\"p1\">Seleccionar opci\u00f3n \u00abHerramientas\u00bb;<\/p>\n<p class=\"p1\">Haga clic en \u00abEliminar datos de navegaci\u00f3n\u00bb;<\/p>\n<p class=\"p1\">En la caja de selecci\u00f3n, \u00abElimine los siguientes items de: seleccione la opci\u00f3n \u00abdesde siempre\u00bb;<\/p>\n<p class=\"p1\">Seleccione las primeras 4 opciones y haga clic en \u00abEliminar datos de navegaci\u00f3n\u00bb.<\/p>\n<p class=\"p1\">Configuraciones de cookies en Safari web e iOS<\/p>\n<p class=\"p1\">Haga clic en \u00abEdit\u00bb (Editar);<\/p>\n<p class=\"p1\">Seleccione \u00abPreferences\u00bb (Preferencias);<\/p>\n<p class=\"p1\">En el panel superior, seleccione el \u00edcono \u00abSecurity\u00bb (Seguridad);<\/p>\n<p class=\"p1\">En la secci\u00f3n \u00abAccept Cookies\u00bb (Aceptar cookies), seleccione \u00abNever\u00bb(Nunca).<\/p>\n<p class=\"p1\">Medidas de seguridad<\/p>\n<p class=\"p1\">En cumplimiento de la Ley Org\u00e1nica 15\/1989, de Protecci\u00f3n de Datos de Car\u00e1cter Personal, hemos adoptado las medidas t\u00e9cnicas y organizativas necesarias para mantener el nivel de seguridad requerido en atenci\u00f3n a los datos personales tratados.<\/p>\n<p class=\"p1\">Enlaces<\/p>\n<p class=\"p1\">Para obtener m\u00e1s informaciones sobre cookies y la respectiva utilizaci\u00f3n, sugerimos que consulte los siguientes enlaces, que apenas se encuentran en versi\u00f3n inglesa:<\/p>\n<p class=\"p2\"><span class=\"s1\"><a href=\"http:\/\/www.microsoft.com\/info\/cookies.mspx\">Microsoft Cookies guide<\/a><\/span><\/p>\n<p class=\"p2\"><span class=\"s1\"><a href=\"https:\/\/allaboutcookies.org\/\">All About Cookies<\/a><\/span><\/p>\n<p class=\"p1\">En cualquier momento puede Ud. ejercer sus derechos de acceso, rectificaci\u00f3n o cancelaci\u00f3n en relaci\u00f3n con dichos datos, dirigiendo su solicitud a la direcci\u00f3n del titular de los ficheros. Puede encontrar formularios para el ejercicio de sus derechos en el sitio web de la<\/p>\n<p class=\"p2\"><span class=\"s1\"><a href=\"https:\/\/www.aepd.es\/es\">Agencia de Protecci\u00f3n de Datos<\/a><\/span><\/p>\n<p>[\/vc_column_text][\/vc_column][\/vc_row]<\/p>\n<\/div>","protected":false},"excerpt":{"rendered":"<p>[vc_row row_height_percent=\u00bb49&#8243; overlay_alpha=\u00bb50&#8243; gutter_size=\u00bb3&#8243; column_width_percent=\u00bb100&#8243; shift_y=\u00bb0&#8243; z_index=\u00bb0&#8243; front_end_with_slider=\u00bbtrue\u00bb uncode_shortcode_id=\u00bb268888&#8243;][vc_column column_width_percent=\u00bb100&#8243; gutter_size=\u00bb3&#8243; overlay_alpha=\u00bb50&#8243; shift_x=\u00bb0&#8243; shift_y=\u00bb0&#8243; shift_y_down=\u00bb0&#8243; z_index=\u00bb0&#8243; medium_width=\u00bb0&#8243; mobile_width=\u00bb0&#8243; width=\u00bb1\/1&#8243; uncode_shortcode_id=\u00bb557344&#8243;][uncode_slider [&hellip;]<\/p>\n","protected":false},"author":1,"featured_media":112584,"parent":0,"menu_order":0,"comment_status":"closed","ping_status":"closed","template":"","meta":{"footnotes":""},"class_list":["post-113270","page","type-page","status-publish","has-post-thumbnail","hentry"],"yoast_head":"<!-- This site is optimized with the Yoast SEO plugin v27.4 - https:\/\/yoast.com\/product\/yoast-seo-wordpress\/ -->\n<title>Qu\u00e9 tipo de cookies usamos - LeonaRubin<\/title>\n<meta name=\"description\" content=\"Cookies son peque\u00f1as etiquetas de software que se almacenan en su computadora a trav\u00e9s de su navegador y contienen informaci\u00f3n.\" \/>\n<meta name=\"robots\" content=\"index, follow, max-snippet:-1, max-image-preview:large, max-video-preview:-1\" \/>\n<link rel=\"canonical\" href=\"https:\/\/www.leonarubin.com\/es\/politica-de-cookies\/\" \/>\n<meta property=\"og:locale\" content=\"es_ES\" \/>\n<meta property=\"og:type\" content=\"article\" \/>\n<meta property=\"og:title\" content=\"Qu\u00e9 tipo de cookies usamos - LeonaRubin\" \/>\n<meta property=\"og:description\" content=\"Cookies son peque\u00f1as etiquetas de software que se almacenan en su computadora a trav\u00e9s de su navegador y contienen informaci\u00f3n.\" \/>\n<meta property=\"og:url\" content=\"https:\/\/www.leonarubin.com\/es\/politica-de-cookies\/\" \/>\n<meta property=\"og:site_name\" content=\"LeonaRubin\" \/>\n<meta property=\"article:publisher\" content=\"https:\/\/www.instagram.com\/leonarubinrealestate\/\" \/>\n<meta property=\"article:modified_time\" content=\"2025-01-31T11:47:38+00:00\" \/>\n<meta property=\"og:image\" content=\"https:\/\/www.leonarubin.com\/wp-content\/uploads\/2023\/09\/leona-rubin-logo-v1.png\" \/>\n\t<meta property=\"og:image:width\" content=\"401\" \/>\n\t<meta property=\"og:image:height\" content=\"153\" \/>\n\t<meta property=\"og:image:type\" content=\"image\/png\" \/>\n<meta name=\"twitter:card\" content=\"summary_large_image\" \/>\n<meta name=\"twitter:label1\" content=\"Tiempo de lectura\" \/>\n\t<meta name=\"twitter:data1\" content=\"6 minutos\" \/>\n<script type=\"application\/ld+json\" class=\"yoast-schema-graph\">{\"@context\":\"https:\\\/\\\/schema.org\",\"@graph\":[{\"@type\":\"WebPage\",\"@id\":\"https:\\\/\\\/www.leonarubin.com\\\/es\\\/politica-de-cookies\\\/\",\"url\":\"https:\\\/\\\/www.leonarubin.com\\\/es\\\/politica-de-cookies\\\/\",\"name\":\"Qu\u00e9 tipo de cookies usamos - LeonaRubin\",\"isPartOf\":{\"@id\":\"https:\\\/\\\/www.leonarubin.com\\\/#website\"},\"primaryImageOfPage\":{\"@id\":\"https:\\\/\\\/www.leonarubin.com\\\/es\\\/politica-de-cookies\\\/#primaryimage\"},\"image\":{\"@id\":\"https:\\\/\\\/www.leonarubin.com\\\/es\\\/politica-de-cookies\\\/#primaryimage\"},\"thumbnailUrl\":\"https:\\\/\\\/www.leonarubin.com\\\/wp-content\\\/uploads\\\/2023\\\/09\\\/leona-rubin-logo-v1.png\",\"datePublished\":\"2024-08-26T10:12:13+00:00\",\"dateModified\":\"2025-01-31T11:47:38+00:00\",\"description\":\"Cookies son peque\u00f1as etiquetas de software que se almacenan en su computadora a trav\u00e9s de su navegador y contienen informaci\u00f3n.\",\"breadcrumb\":{\"@id\":\"https:\\\/\\\/www.leonarubin.com\\\/es\\\/politica-de-cookies\\\/#breadcrumb\"},\"inLanguage\":\"es\",\"potentialAction\":[{\"@type\":\"ReadAction\",\"target\":[\"https:\\\/\\\/www.leonarubin.com\\\/es\\\/politica-de-cookies\\\/\"]}]},{\"@type\":\"ImageObject\",\"inLanguage\":\"es\",\"@id\":\"https:\\\/\\\/www.leonarubin.com\\\/es\\\/politica-de-cookies\\\/#primaryimage\",\"url\":\"https:\\\/\\\/www.leonarubin.com\\\/wp-content\\\/uploads\\\/2023\\\/09\\\/leona-rubin-logo-v1.png\",\"contentUrl\":\"https:\\\/\\\/www.leonarubin.com\\\/wp-content\\\/uploads\\\/2023\\\/09\\\/leona-rubin-logo-v1.png\",\"width\":401,\"height\":153},{\"@type\":\"BreadcrumbList\",\"@id\":\"https:\\\/\\\/www.leonarubin.com\\\/es\\\/politica-de-cookies\\\/#breadcrumb\",\"itemListElement\":[{\"@type\":\"ListItem\",\"position\":1,\"name\":\"Startseite\",\"item\":\"https:\\\/\\\/www.leonarubin.com\\\/es\\\/\"},{\"@type\":\"ListItem\",\"position\":2,\"name\":\"POL\u00cdTICA DE COOKIES\"}]},{\"@type\":\"WebSite\",\"@id\":\"https:\\\/\\\/www.leonarubin.com\\\/#website\",\"url\":\"https:\\\/\\\/www.leonarubin.com\\\/\",\"name\":\"LeonaRubin\",\"description\":\"\",\"publisher\":{\"@id\":\"https:\\\/\\\/www.leonarubin.com\\\/#organization\"},\"potentialAction\":[{\"@type\":\"SearchAction\",\"target\":{\"@type\":\"EntryPoint\",\"urlTemplate\":\"https:\\\/\\\/www.leonarubin.com\\\/?s={search_term_string}\"},\"query-input\":{\"@type\":\"PropertyValueSpecification\",\"valueRequired\":true,\"valueName\":\"search_term_string\"}}],\"inLanguage\":\"es\"},{\"@type\":\"Organization\",\"@id\":\"https:\\\/\\\/www.leonarubin.com\\\/#organization\",\"name\":\"LeonaRubin Immobilien Teneriffa\",\"url\":\"https:\\\/\\\/www.leonarubin.com\\\/\",\"logo\":{\"@type\":\"ImageObject\",\"inLanguage\":\"es\",\"@id\":\"https:\\\/\\\/www.leonarubin.com\\\/#\\\/schema\\\/logo\\\/image\\\/\",\"url\":\"https:\\\/\\\/www.leonarubin.com\\\/wp-content\\\/uploads\\\/2023\\\/09\\\/leona-rubin-logo-v1.png\",\"contentUrl\":\"https:\\\/\\\/www.leonarubin.com\\\/wp-content\\\/uploads\\\/2023\\\/09\\\/leona-rubin-logo-v1.png\",\"width\":401,\"height\":153,\"caption\":\"LeonaRubin Immobilien Teneriffa\"},\"image\":{\"@id\":\"https:\\\/\\\/www.leonarubin.com\\\/#\\\/schema\\\/logo\\\/image\\\/\"},\"sameAs\":[\"https:\\\/\\\/www.instagram.com\\\/leonarubinrealestate\\\/\",\"https:\\\/\\\/www.youtube.com\\\/@LeonaRubinImmobilien\",\"https:\\\/\\\/de.pinterest.com\\\/leonarubinimmobilienteneriffa\\\/\"]}]}<\/script>\n<!-- \/ Yoast SEO plugin. -->","yoast_head_json":{"title":"Qu\u00e9 tipo de cookies usamos - LeonaRubin","description":"Cookies son peque\u00f1as etiquetas de software que se almacenan en su computadora a trav\u00e9s de su navegador y contienen informaci\u00f3n.","robots":{"index":"index","follow":"follow","max-snippet":"max-snippet:-1","max-image-preview":"max-image-preview:large","max-video-preview":"max-video-preview:-1"},"canonical":"https:\/\/www.leonarubin.com\/es\/politica-de-cookies\/","og_locale":"es_ES","og_type":"article","og_title":"Qu\u00e9 tipo de cookies usamos - LeonaRubin","og_description":"Cookies son peque\u00f1as etiquetas de software que se almacenan en su computadora a trav\u00e9s de su navegador y contienen informaci\u00f3n.","og_url":"https:\/\/www.leonarubin.com\/es\/politica-de-cookies\/","og_site_name":"LeonaRubin","article_publisher":"https:\/\/www.instagram.com\/leonarubinrealestate\/","article_modified_time":"2025-01-31T11:47:38+00:00","og_image":[{"width":401,"height":153,"url":"https:\/\/www.leonarubin.com\/wp-content\/uploads\/2023\/09\/leona-rubin-logo-v1.png","type":"image\/png"}],"twitter_card":"summary_large_image","twitter_misc":{"Tiempo de lectura":"6 minutos"},"schema":{"@context":"https:\/\/schema.org","@graph":[{"@type":"WebPage","@id":"https:\/\/www.leonarubin.com\/es\/politica-de-cookies\/","url":"https:\/\/www.leonarubin.com\/es\/politica-de-cookies\/","name":"Qu\u00e9 tipo de cookies usamos - LeonaRubin","isPartOf":{"@id":"https:\/\/www.leonarubin.com\/#website"},"primaryImageOfPage":{"@id":"https:\/\/www.leonarubin.com\/es\/politica-de-cookies\/#primaryimage"},"image":{"@id":"https:\/\/www.leonarubin.com\/es\/politica-de-cookies\/#primaryimage"},"thumbnailUrl":"https:\/\/www.leonarubin.com\/wp-content\/uploads\/2023\/09\/leona-rubin-logo-v1.png","datePublished":"2024-08-26T10:12:13+00:00","dateModified":"2025-01-31T11:47:38+00:00","description":"Cookies son peque\u00f1as etiquetas de software que se almacenan en su computadora a trav\u00e9s de su navegador y contienen informaci\u00f3n.","breadcrumb":{"@id":"https:\/\/www.leonarubin.com\/es\/politica-de-cookies\/#breadcrumb"},"inLanguage":"es","potentialAction":[{"@type":"ReadAction","target":["https:\/\/www.leonarubin.com\/es\/politica-de-cookies\/"]}]},{"@type":"ImageObject","inLanguage":"es","@id":"https:\/\/www.leonarubin.com\/es\/politica-de-cookies\/#primaryimage","url":"https:\/\/www.leonarubin.com\/wp-content\/uploads\/2023\/09\/leona-rubin-logo-v1.png","contentUrl":"https:\/\/www.leonarubin.com\/wp-content\/uploads\/2023\/09\/leona-rubin-logo-v1.png","width":401,"height":153},{"@type":"BreadcrumbList","@id":"https:\/\/www.leonarubin.com\/es\/politica-de-cookies\/#breadcrumb","itemListElement":[{"@type":"ListItem","position":1,"name":"Startseite","item":"https:\/\/www.leonarubin.com\/es\/"},{"@type":"ListItem","position":2,"name":"POL\u00cdTICA DE COOKIES"}]},{"@type":"WebSite","@id":"https:\/\/www.leonarubin.com\/#website","url":"https:\/\/www.leonarubin.com\/","name":"LeonaRubin","description":"","publisher":{"@id":"https:\/\/www.leonarubin.com\/#organization"},"potentialAction":[{"@type":"SearchAction","target":{"@type":"EntryPoint","urlTemplate":"https:\/\/www.leonarubin.com\/?s={search_term_string}"},"query-input":{"@type":"PropertyValueSpecification","valueRequired":true,"valueName":"search_term_string"}}],"inLanguage":"es"},{"@type":"Organization","@id":"https:\/\/www.leonarubin.com\/#organization","name":"LeonaRubin Immobilien Teneriffa","url":"https:\/\/www.leonarubin.com\/","logo":{"@type":"ImageObject","inLanguage":"es","@id":"https:\/\/www.leonarubin.com\/#\/schema\/logo\/image\/","url":"https:\/\/www.leonarubin.com\/wp-content\/uploads\/2023\/09\/leona-rubin-logo-v1.png","contentUrl":"https:\/\/www.leonarubin.com\/wp-content\/uploads\/2023\/09\/leona-rubin-logo-v1.png","width":401,"height":153,"caption":"LeonaRubin Immobilien Teneriffa"},"image":{"@id":"https:\/\/www.leonarubin.com\/#\/schema\/logo\/image\/"},"sameAs":["https:\/\/www.instagram.com\/leonarubinrealestate\/","https:\/\/www.youtube.com\/@LeonaRubinImmobilien","https:\/\/de.pinterest.com\/leonarubinimmobilienteneriffa\/"]}]}},"_links":{"self":[{"href":"https:\/\/www.leonarubin.com\/es\/wp-json\/wp\/v2\/pages\/113270","targetHints":{"allow":["GET"]}}],"collection":[{"href":"https:\/\/www.leonarubin.com\/es\/wp-json\/wp\/v2\/pages"}],"about":[{"href":"https:\/\/www.leonarubin.com\/es\/wp-json\/wp\/v2\/types\/page"}],"author":[{"embeddable":true,"href":"https:\/\/www.leonarubin.com\/es\/wp-json\/wp\/v2\/users\/1"}],"replies":[{"embeddable":true,"href":"https:\/\/www.leonarubin.com\/es\/wp-json\/wp\/v2\/comments?post=113270"}],"version-history":[{"count":2,"href":"https:\/\/www.leonarubin.com\/es\/wp-json\/wp\/v2\/pages\/113270\/revisions"}],"predecessor-version":[{"id":113824,"href":"https:\/\/www.leonarubin.com\/es\/wp-json\/wp\/v2\/pages\/113270\/revisions\/113824"}],"wp:featuredmedia":[{"embeddable":true,"href":"https:\/\/www.leonarubin.com\/es\/wp-json\/wp\/v2\/media\/112584"}],"wp:attachment":[{"href":"https:\/\/www.leonarubin.com\/es\/wp-json\/wp\/v2\/media?parent=113270"}],"curies":[{"name":"wp","href":"https:\/\/api.w.org\/{rel}","templated":true}]}}