{"id":113284,"date":"2023-10-20T09:57:14","date_gmt":"2023-10-20T09:57:14","guid":{"rendered":"https:\/\/leonarubin.com\/uber-uns\/"},"modified":"2025-04-29T00:09:27","modified_gmt":"2025-04-29T00:09:27","slug":"sobre-nosotros","status":"publish","type":"page","link":"https:\/\/www.leonarubin.com\/es\/sobre-nosotros\/","title":{"rendered":"SOBRE NOSOTROS"},"content":{"rendered":"<div class=\"wpb-content-wrapper\"><p>[vc_row row_height_percent=\u00bb78&#8243; overlay_alpha=\u00bb50&#8243; gutter_size=\u00bb3&#8243; column_width_percent=\u00bb100&#8243; shift_y=\u00bb0&#8243; z_index=\u00bb0&#8243; front_end_with_slider=\u00bbtrue\u00bb uncode_shortcode_id=\u00bb129135&#8243;][vc_column width=\u00bb1\/1&#8243;][uncode_slider slider_type=\u00bbfade\u00bb slider_interval=\u00bb5000&#8243; slider_navspeed=\u00bb1000&#8243; slider_loop=\u00bbyes\u00bb slider_hide_arrows=\u00bbyes\u00bb slider_hide_dots=\u00bbyes\u00bb][vc_row_inner row_inner_height_percent=\u00bb0&#8243; back_color=\u00bbcolor-nhtu\u00bb back_image=\u00bb111320&#8243; back_position=\u00bbcenter bottom\u00bb parallax=\u00bbyes\u00bb overlay_color=\u00bbcolor-jevc\u00bb overlay_alpha=\u00bb30&#8243; gutter_size=\u00bb3&#8243; shift_y=\u00bb0&#8243; z_index=\u00bb0&#8243; limit_content=\u00bbyes\u00bb front_end_with_slider=\u00bbtrue\u00bb uncode_shortcode_id=\u00bb762189&#8243; back_color_type=\u00bbuncode-palette\u00bb overlay_color_type=\u00bbuncode-palette\u00bb][vc_column_inner column_width_use_pixel=\u00bbyes\u00bb position_vertical=\u00bbmiddle\u00bb align_horizontal=\u00bbalign_center\u00bb gutter_size=\u00bb3&#8243; style=\u00bbdark\u00bb overlay_alpha=\u00bb50&#8243; shift_x=\u00bb0&#8243; shift_y=\u00bb0&#8243; shift_y_down=\u00bb0&#8243; z_index=\u00bb0&#8243; medium_width=\u00bb0&#8243; mobile_width=\u00bb0&#8243; zoom_width=\u00bb0&#8243; zoom_height=\u00bb0&#8243; width=\u00bb1\/1&#8243; column_width_pixel=\u00bb760&#8243; uncode_shortcode_id=\u00bb129691&#8243;][vc_single_image media=\u00bb111367&#8243; media_width_percent=\u00bb40&#8243; alignment=\u00bbcenter\u00bb uncode_shortcode_id=\u00bb171379&#8243;][\/vc_column_inner][\/vc_row_inner][\/uncode_slider][\/vc_column][\/vc_row][vc_row unlock_row_content=\u00bbyes\u00bb row_height_percent=\u00bb0&#8243; override_padding=\u00bbyes\u00bb h_padding=\u00bb2&#8243; top_padding=\u00bb2&#8243; bottom_padding=\u00bb2&#8243; back_color=\u00bbcolor-xsdn\u00bb overlay_alpha=\u00bb50&#8243; gutter_size=\u00bb3&#8243; column_width_percent=\u00bb100&#8243; shift_y=\u00bb0&#8243; z_index=\u00bb0&#8243; uncode_shortcode_id=\u00bb606730&#8243; back_color_type=\u00bbuncode-palette\u00bb][vc_column column_width_percent=\u00bb100&#8243; gutter_size=\u00bb3&#8243; overlay_alpha=\u00bb50&#8243; shift_x=\u00bb0&#8243; shift_y=\u00bb0&#8243; shift_y_down=\u00bb0&#8243; z_index=\u00bb0&#8243; medium_width=\u00bb0&#8243; mobile_width=\u00bb0&#8243; width=\u00bb1\/1&#8243; uncode_shortcode_id=\u00bb494991&#8243;][vc_custom_heading heading_semantic=\u00bbh1&#8243; text_font=\u00bbfont-149896&#8243; text_size=\u00bbfontsize-153458&#8243; text_weight=\u00bb500&#8243; text_transform=\u00bbcapitalize\u00bb css_animation=\u00bbleft-t-right\u00bb animation_delay=\u00bb100&#8243; text_align=\u00bbtext-center\u00bb text_serif=\u00bb\u00bb uncode_shortcode_id=\u00bb190840&#8243; el_class=\u00bbleona-501&#8243;]LEONA RUBIN<br \/>\n<i class=\"title-line extend-left500\"><\/i><span class=\"leona-500\">INMOBILIARIA DE CALIDAD<\/span>[\/vc_custom_heading][vc_column_text text_color=\u00bbcolor-jevc\u00bb uncode_shortcode_id=\u00bb170045&#8243; text_color_type=\u00bbuncode-palette\u00bb]Nos dedicamos en cuerpo y alma a la comercializaci\u00f3n de grandes propiedades en el segmento de inmuebles de lujo. Muchas de ellas son nuevas construcciones modernas e innovadoras que destacan por su especial arquitectura, su elegante equipamiento y la buena calidad de su construcci\u00f3n. LeonaRubin participa en el desarrollo de muchos de estos proyectos de construcci\u00f3n y los acompa\u00f1a hasta su finalizaci\u00f3n.[\/vc_column_text][\/vc_column][\/vc_row][vc_row unlock_row_content=\u00bbyes\u00bb row_height_percent=\u00bb0&#8243; override_padding=\u00bbyes\u00bb h_padding=\u00bb0&#8243; top_padding=\u00bb3&#8243; bottom_padding=\u00bb3&#8243; back_color=\u00bbcolor-xsdn\u00bb back_image=\u00bb111255&#8243; overlay_color=\u00bbcolor-jevc\u00bb overlay_alpha=\u00bb77&#8243; gutter_size=\u00bb3&#8243; column_width_percent=\u00bb100&#8243; shift_y=\u00bb0&#8243; z_index=\u00bb0&#8243; uncode_shortcode_id=\u00bb126475&#8243; back_color_type=\u00bbuncode-palette\u00bb overlay_color_type=\u00bbuncode-palette\u00bb css=\u00bb.vc_custom_1731337820126{padding-left: 0px !important;}\u00bb][vc_column column_width_percent=\u00bb100&#8243; align_horizontal=\u00bbalign_center\u00bb gutter_size=\u00bb3&#8243; style=\u00bbdark\u00bb overlay_alpha=\u00bb50&#8243; shift_x=\u00bb0&#8243; shift_y=\u00bb0&#8243; shift_y_down=\u00bb0&#8243; z_index=\u00bb0&#8243; medium_width=\u00bb0&#8243; mobile_width=\u00bb0&#8243; width=\u00bb1\/1&#8243; uncode_shortcode_id=\u00bb216600&#8243;][vc_custom_heading text_font=\u00bbfont-149896&#8243; text_size=\u00bbfontsize-153458&#8243; text_weight=\u00bb500&#8243; text_transform=\u00bbcapitalize\u00bb text_align=\u00bbtext-center\u00bb text_serif=\u00bb\u00bb uncode_shortcode_id=\u00bb181423&#8243; el_class=\u00bbour\u00bb]NOS COMPROMETEMOS<br \/>\n<span class=\"leona-502\">POR USTED<\/span>[\/vc_custom_heading][vc_row_inner row_inner_height_percent=\u00bb0&#8243; overlay_alpha=\u00bb50&#8243; gutter_size=\u00bb3&#8243; shift_y=\u00bb0&#8243; z_index=\u00bb0&#8243; uncode_shortcode_id=\u00bb146414&#8243; el_class=\u00bbfotos-img\u00bb limit_content=\u00bb\u00bb][vc_column_inner column_width_percent=\u00bb100&#8243; align_horizontal=\u00bbalign_center\u00bb gutter_size=\u00bb3&#8243; overlay_alpha=\u00bb50&#8243; shift_x=\u00bb0&#8243; shift_y=\u00bb0&#8243; shift_y_down=\u00bb0&#8243; z_index=\u00bb0&#8243; medium_visibility=\u00bbyes\u00bb medium_width=\u00bb0&#8243; mobile_visibility=\u00bbyes\u00bb mobile_width=\u00bb0&#8243; width=\u00bb1\/1&#8243; uncode_shortcode_id=\u00bb116638&#8243;][vc_gallery el_id=\u00bbgallery-161468&#8243; medias=\u00bb111318,111632,111319&#8243; gallery_back_color=\u00bbcolor-xsdn\u00bb gutter_size=\u00bb1&#8243; media_items=\u00bbmedia|nolink|original,icon\u00bb screen_lg=\u00bb1000&#8243; screen_md=\u00bb600&#8243; screen_sm=\u00bb480&#8243; images_size=\u00bbthree-four\u00bb single_overlay_opacity=\u00bb50&#8243; single_padding=\u00bb2&#8243; uncode_shortcode_id=\u00bb531288&#8243; items=\u00bbeyIxMTEzMThfaSI6eyJzaW5nbGVfdl9wb3NpdGlvbiI6IiIsInNpbmdsZV9pbWFnZV9jb2xvcl9hbmltIjoieWVzIiwic2luZ2xlX2xheW91dF9tZWRpYV9pdGVtcyI6Im1lZGlhfG5vbGlua3xwb3N0ZXIsaWNvbiJ9fQ==\u00bb gallery_back_color_type=\u00bbuncode-palette\u00bb][\/vc_column_inner][\/vc_row_inner][\/vc_column][\/vc_row][vc_row unlock_row_content=\u00bbyes\u00bb row_height_percent=\u00bb0&#8243; override_padding=\u00bbyes\u00bb h_padding=\u00bb0&#8243; top_padding=\u00bb0&#8243; bottom_padding=\u00bb0&#8243; back_color=\u00bbcolor-xsdn\u00bb overlay_alpha=\u00bb50&#8243; gutter_size=\u00bb0&#8243; column_width_percent=\u00bb100&#8243; shift_y=\u00bb0&#8243; z_index=\u00bb0&#8243; uncode_shortcode_id=\u00bb202992&#8243; back_color_type=\u00bbuncode-palette\u00bb][vc_column column_width_percent=\u00bb100&#8243; gutter_size=\u00bb3&#8243; override_padding=\u00bbyes\u00bb column_padding=\u00bb0&#8243; overlay_alpha=\u00bb50&#8243; shift_x=\u00bb0&#8243; shift_y=\u00bb0&#8243; shift_y_down=\u00bb0&#8243; z_index=\u00bb0&#8243; desktop_visibility=\u00bbyes\u00bb medium_width=\u00bb0&#8243; mobile_width=\u00bb0&#8243; width=\u00bb1\/1&#8243; uncode_shortcode_id=\u00bb367684&#8243;][vc_single_image media=\u00bb111318&#8243; media_width_percent=\u00bb100&#8243; uncode_shortcode_id=\u00bb499176&#8243;][vc_single_image media=\u00bb111632&#8243; media_width_percent=\u00bb100&#8243; uncode_shortcode_id=\u00bb535322&#8243;][vc_single_image media=\u00bb111319&#8243; media_width_percent=\u00bb100&#8243; uncode_shortcode_id=\u00bb517522&#8243;][\/vc_column][\/vc_row][vc_row unlock_row_content=\u00bbyes\u00bb row_height_percent=\u00bb0&#8243; override_padding=\u00bbyes\u00bb h_padding=\u00bb0&#8243; top_padding=\u00bb0&#8243; bottom_padding=\u00bb0&#8243; back_color=\u00bbcolor-xsdn\u00bb overlay_alpha=\u00bb50&#8243; equal_height=\u00bbyes\u00bb gutter_size=\u00bb3&#8243; column_width_percent=\u00bb100&#8243; shift_y=\u00bb0&#8243; z_index=\u00bb0&#8243; uncode_shortcode_id=\u00bb495591&#8243; back_color_type=\u00bbuncode-palette\u00bb][vc_column column_width_percent=\u00bb100&#8243; gutter_size=\u00bb3&#8243; back_image=\u00bb111314&#8243; overlay_alpha=\u00bb50&#8243; shift_x=\u00bb0&#8243; shift_y=\u00bb0&#8243; shift_y_down=\u00bb0&#8243; z_index=\u00bb0&#8243; medium_width=\u00bb0&#8243; mobile_width=\u00bb0&#8243; width=\u00bb1\/2&#8243; uncode_shortcode_id=\u00bb112067&#8243; mobile_height=\u00bb300px\u00bb][\/vc_column][vc_column column_width_percent=\u00bb100&#8243; gutter_size=\u00bb3&#8243; override_padding=\u00bbyes\u00bb column_padding=\u00bb2&#8243; overlay_alpha=\u00bb50&#8243; shift_x=\u00bb0&#8243; shift_y=\u00bb0&#8243; shift_y_down=\u00bb0&#8243; z_index=\u00bb0&#8243; medium_width=\u00bb0&#8243; mobile_width=\u00bb0&#8243; width=\u00bb1\/2&#8243; uncode_shortcode_id=\u00bb195962&#8243;][vc_empty_space empty_h=\u00bb0&#8243;][vc_custom_heading text_font=\u00bbfont-149896&#8243; text_size=\u00bbfontsize-153458&#8243; text_weight=\u00bb500&#8243; text_transform=\u00bbcapitalize\u00bb text_align=\u00bbtext-center\u00bb text_serif=\u00bb\u00bb uncode_shortcode_id=\u00bb168309&#8243; el_class=\u00bbleona-504&#8243;]POR QU\u00c9<br \/>\n<span class=\"leona-503\">COMPRAR CON NOSOTROS<\/span>[\/vc_custom_heading][vc_column_text uncode_shortcode_id=\u00bb774675&#8243; css=\u00bb.vc_custom_1736336532161{padding-right: 3% !important;}\u00bb]LeonaRubin se considera m\u00e1s una consultora inmobiliaria que un agente inmobiliario tradicional. Nos centramos en las relaciones a largo plazo con los clientes en lugar de forzar decisiones de compra precipitadas. Nuestro objetivo es que nuestros clientes est\u00e9n satisfechos con la propiedad que acaban de adquirir y que realicen una buena inversi\u00f3n. Colaboramos estrechamente con bufetes de abogados y asesor\u00edas fiscales de \u00e1mbito internacional para que cada operaci\u00f3n de compra se realice de forma profesional.[\/vc_column_text][vc_empty_space empty_h=\u00bb1&#8243;][\/vc_column][\/vc_row]<\/p>\n<\/div>","protected":false},"excerpt":{"rendered":"<p>[vc_row row_height_percent=\u00bb78&#8243; overlay_alpha=\u00bb50&#8243; gutter_size=\u00bb3&#8243; column_width_percent=\u00bb100&#8243; shift_y=\u00bb0&#8243; z_index=\u00bb0&#8243; front_end_with_slider=\u00bbtrue\u00bb uncode_shortcode_id=\u00bb129135&#8243;][vc_column width=\u00bb1\/1&#8243;][uncode_slider slider_type=\u00bbfade\u00bb slider_interval=\u00bb5000&#8243; slider_navspeed=\u00bb1000&#8243; slider_loop=\u00bbyes\u00bb slider_hide_arrows=\u00bbyes\u00bb slider_hide_dots=\u00bbyes\u00bb][vc_row_inner row_inner_height_percent=\u00bb0&#8243; back_color=\u00bbcolor-nhtu\u00bb back_image=\u00bb111320&#8243; back_position=\u00bbcenter [&hellip;]<\/p>\n","protected":false},"author":1,"featured_media":112732,"parent":0,"menu_order":0,"comment_status":"closed","ping_status":"closed","template":"","meta":{"footnotes":""},"class_list":["post-113284","page","type-page","status-publish","has-post-thumbnail","hentry"],"yoast_head":"<!-- This site is optimized with the Yoast SEO plugin v27.4 - https:\/\/yoast.com\/product\/yoast-seo-wordpress\/ -->\n<title>Sobre nosotros - Leona Rubin Quality Real Estate<\/title>\n<meta name=\"description\" content=\"LeonaRubin se considera m\u00e1s una empresa de consultor\u00eda inmobiliaria que una agencia inmobiliaria cl\u00e1sica. Descubra m\u00e1s sobre nosotros.\" \/>\n<meta name=\"robots\" content=\"index, follow, max-snippet:-1, max-image-preview:large, max-video-preview:-1\" \/>\n<link rel=\"canonical\" href=\"https:\/\/www.leonarubin.com\/es\/sobre-nosotros\/\" \/>\n<meta property=\"og:locale\" content=\"es_ES\" \/>\n<meta property=\"og:type\" content=\"article\" \/>\n<meta property=\"og:title\" content=\"Sobre nosotros - Leona Rubin Quality Real Estate\" \/>\n<meta property=\"og:description\" content=\"LeonaRubin se considera m\u00e1s una empresa de consultor\u00eda inmobiliaria que una agencia inmobiliaria cl\u00e1sica. Descubra m\u00e1s sobre nosotros.\" \/>\n<meta property=\"og:url\" content=\"https:\/\/www.leonarubin.com\/es\/sobre-nosotros\/\" \/>\n<meta property=\"og:site_name\" content=\"LeonaRubin\" \/>\n<meta property=\"article:publisher\" content=\"https:\/\/www.instagram.com\/leonarubinrealestate\/\" \/>\n<meta property=\"article:modified_time\" content=\"2025-04-29T00:09:27+00:00\" \/>\n<meta property=\"og:image\" content=\"https:\/\/www.leonarubin.com\/wp-content\/uploads\/2024\/08\/leona-foto-equipo.jpg\" \/>\n\t<meta property=\"og:image:width\" content=\"1500\" \/>\n\t<meta property=\"og:image:height\" content=\"1030\" \/>\n\t<meta property=\"og:image:type\" content=\"image\/jpeg\" \/>\n<meta name=\"twitter:card\" content=\"summary_large_image\" \/>\n<meta name=\"twitter:label1\" content=\"Tiempo de lectura\" \/>\n\t<meta name=\"twitter:data1\" content=\"3 minutos\" \/>\n<script type=\"application\/ld+json\" class=\"yoast-schema-graph\">{\"@context\":\"https:\\\/\\\/schema.org\",\"@graph\":[{\"@type\":\"WebPage\",\"@id\":\"https:\\\/\\\/www.leonarubin.com\\\/es\\\/sobre-nosotros\\\/\",\"url\":\"https:\\\/\\\/www.leonarubin.com\\\/es\\\/sobre-nosotros\\\/\",\"name\":\"Sobre nosotros - Leona Rubin Quality Real Estate\",\"isPartOf\":{\"@id\":\"https:\\\/\\\/www.leonarubin.com\\\/#website\"},\"primaryImageOfPage\":{\"@id\":\"https:\\\/\\\/www.leonarubin.com\\\/es\\\/sobre-nosotros\\\/#primaryimage\"},\"image\":{\"@id\":\"https:\\\/\\\/www.leonarubin.com\\\/es\\\/sobre-nosotros\\\/#primaryimage\"},\"thumbnailUrl\":\"https:\\\/\\\/www.leonarubin.com\\\/wp-content\\\/uploads\\\/2024\\\/08\\\/leona-foto-equipo.jpg\",\"datePublished\":\"2023-10-20T09:57:14+00:00\",\"dateModified\":\"2025-04-29T00:09:27+00:00\",\"description\":\"LeonaRubin se considera m\u00e1s una empresa de consultor\u00eda inmobiliaria que una agencia inmobiliaria cl\u00e1sica. Descubra m\u00e1s sobre nosotros.\",\"breadcrumb\":{\"@id\":\"https:\\\/\\\/www.leonarubin.com\\\/es\\\/sobre-nosotros\\\/#breadcrumb\"},\"inLanguage\":\"es\",\"potentialAction\":[{\"@type\":\"ReadAction\",\"target\":[\"https:\\\/\\\/www.leonarubin.com\\\/es\\\/sobre-nosotros\\\/\"]}]},{\"@type\":\"ImageObject\",\"inLanguage\":\"es\",\"@id\":\"https:\\\/\\\/www.leonarubin.com\\\/es\\\/sobre-nosotros\\\/#primaryimage\",\"url\":\"https:\\\/\\\/www.leonarubin.com\\\/wp-content\\\/uploads\\\/2024\\\/08\\\/leona-foto-equipo.jpg\",\"contentUrl\":\"https:\\\/\\\/www.leonarubin.com\\\/wp-content\\\/uploads\\\/2024\\\/08\\\/leona-foto-equipo.jpg\",\"width\":1500,\"height\":1030,\"caption\":\"Immobilien-Beratungsfirma\"},{\"@type\":\"BreadcrumbList\",\"@id\":\"https:\\\/\\\/www.leonarubin.com\\\/es\\\/sobre-nosotros\\\/#breadcrumb\",\"itemListElement\":[{\"@type\":\"ListItem\",\"position\":1,\"name\":\"Startseite\",\"item\":\"https:\\\/\\\/www.leonarubin.com\\\/es\\\/\"},{\"@type\":\"ListItem\",\"position\":2,\"name\":\"SOBRE NOSOTROS\"}]},{\"@type\":\"WebSite\",\"@id\":\"https:\\\/\\\/www.leonarubin.com\\\/#website\",\"url\":\"https:\\\/\\\/www.leonarubin.com\\\/\",\"name\":\"LeonaRubin\",\"description\":\"\",\"publisher\":{\"@id\":\"https:\\\/\\\/www.leonarubin.com\\\/#organization\"},\"potentialAction\":[{\"@type\":\"SearchAction\",\"target\":{\"@type\":\"EntryPoint\",\"urlTemplate\":\"https:\\\/\\\/www.leonarubin.com\\\/?s={search_term_string}\"},\"query-input\":{\"@type\":\"PropertyValueSpecification\",\"valueRequired\":true,\"valueName\":\"search_term_string\"}}],\"inLanguage\":\"es\"},{\"@type\":\"Organization\",\"@id\":\"https:\\\/\\\/www.leonarubin.com\\\/#organization\",\"name\":\"LeonaRubin Immobilien Teneriffa\",\"url\":\"https:\\\/\\\/www.leonarubin.com\\\/\",\"logo\":{\"@type\":\"ImageObject\",\"inLanguage\":\"es\",\"@id\":\"https:\\\/\\\/www.leonarubin.com\\\/#\\\/schema\\\/logo\\\/image\\\/\",\"url\":\"https:\\\/\\\/www.leonarubin.com\\\/wp-content\\\/uploads\\\/2023\\\/09\\\/leona-rubin-logo-v1.png\",\"contentUrl\":\"https:\\\/\\\/www.leonarubin.com\\\/wp-content\\\/uploads\\\/2023\\\/09\\\/leona-rubin-logo-v1.png\",\"width\":401,\"height\":153,\"caption\":\"LeonaRubin Immobilien Teneriffa\"},\"image\":{\"@id\":\"https:\\\/\\\/www.leonarubin.com\\\/#\\\/schema\\\/logo\\\/image\\\/\"},\"sameAs\":[\"https:\\\/\\\/www.instagram.com\\\/leonarubinrealestate\\\/\",\"https:\\\/\\\/www.youtube.com\\\/@LeonaRubinImmobilien\",\"https:\\\/\\\/de.pinterest.com\\\/leonarubinimmobilienteneriffa\\\/\"]}]}<\/script>\n<!-- \/ Yoast SEO plugin. -->","yoast_head_json":{"title":"Sobre nosotros - Leona Rubin Quality Real Estate","description":"LeonaRubin se considera m\u00e1s una empresa de consultor\u00eda inmobiliaria que una agencia inmobiliaria cl\u00e1sica. Descubra m\u00e1s sobre nosotros.","robots":{"index":"index","follow":"follow","max-snippet":"max-snippet:-1","max-image-preview":"max-image-preview:large","max-video-preview":"max-video-preview:-1"},"canonical":"https:\/\/www.leonarubin.com\/es\/sobre-nosotros\/","og_locale":"es_ES","og_type":"article","og_title":"Sobre nosotros - Leona Rubin Quality Real Estate","og_description":"LeonaRubin se considera m\u00e1s una empresa de consultor\u00eda inmobiliaria que una agencia inmobiliaria cl\u00e1sica. Descubra m\u00e1s sobre nosotros.","og_url":"https:\/\/www.leonarubin.com\/es\/sobre-nosotros\/","og_site_name":"LeonaRubin","article_publisher":"https:\/\/www.instagram.com\/leonarubinrealestate\/","article_modified_time":"2025-04-29T00:09:27+00:00","og_image":[{"width":1500,"height":1030,"url":"https:\/\/www.leonarubin.com\/wp-content\/uploads\/2024\/08\/leona-foto-equipo.jpg","type":"image\/jpeg"}],"twitter_card":"summary_large_image","twitter_misc":{"Tiempo de lectura":"3 minutos"},"schema":{"@context":"https:\/\/schema.org","@graph":[{"@type":"WebPage","@id":"https:\/\/www.leonarubin.com\/es\/sobre-nosotros\/","url":"https:\/\/www.leonarubin.com\/es\/sobre-nosotros\/","name":"Sobre nosotros - Leona Rubin Quality Real Estate","isPartOf":{"@id":"https:\/\/www.leonarubin.com\/#website"},"primaryImageOfPage":{"@id":"https:\/\/www.leonarubin.com\/es\/sobre-nosotros\/#primaryimage"},"image":{"@id":"https:\/\/www.leonarubin.com\/es\/sobre-nosotros\/#primaryimage"},"thumbnailUrl":"https:\/\/www.leonarubin.com\/wp-content\/uploads\/2024\/08\/leona-foto-equipo.jpg","datePublished":"2023-10-20T09:57:14+00:00","dateModified":"2025-04-29T00:09:27+00:00","description":"LeonaRubin se considera m\u00e1s una empresa de consultor\u00eda inmobiliaria que una agencia inmobiliaria cl\u00e1sica. Descubra m\u00e1s sobre nosotros.","breadcrumb":{"@id":"https:\/\/www.leonarubin.com\/es\/sobre-nosotros\/#breadcrumb"},"inLanguage":"es","potentialAction":[{"@type":"ReadAction","target":["https:\/\/www.leonarubin.com\/es\/sobre-nosotros\/"]}]},{"@type":"ImageObject","inLanguage":"es","@id":"https:\/\/www.leonarubin.com\/es\/sobre-nosotros\/#primaryimage","url":"https:\/\/www.leonarubin.com\/wp-content\/uploads\/2024\/08\/leona-foto-equipo.jpg","contentUrl":"https:\/\/www.leonarubin.com\/wp-content\/uploads\/2024\/08\/leona-foto-equipo.jpg","width":1500,"height":1030,"caption":"Immobilien-Beratungsfirma"},{"@type":"BreadcrumbList","@id":"https:\/\/www.leonarubin.com\/es\/sobre-nosotros\/#breadcrumb","itemListElement":[{"@type":"ListItem","position":1,"name":"Startseite","item":"https:\/\/www.leonarubin.com\/es\/"},{"@type":"ListItem","position":2,"name":"SOBRE NOSOTROS"}]},{"@type":"WebSite","@id":"https:\/\/www.leonarubin.com\/#website","url":"https:\/\/www.leonarubin.com\/","name":"LeonaRubin","description":"","publisher":{"@id":"https:\/\/www.leonarubin.com\/#organization"},"potentialAction":[{"@type":"SearchAction","target":{"@type":"EntryPoint","urlTemplate":"https:\/\/www.leonarubin.com\/?s={search_term_string}"},"query-input":{"@type":"PropertyValueSpecification","valueRequired":true,"valueName":"search_term_string"}}],"inLanguage":"es"},{"@type":"Organization","@id":"https:\/\/www.leonarubin.com\/#organization","name":"LeonaRubin Immobilien Teneriffa","url":"https:\/\/www.leonarubin.com\/","logo":{"@type":"ImageObject","inLanguage":"es","@id":"https:\/\/www.leonarubin.com\/#\/schema\/logo\/image\/","url":"https:\/\/www.leonarubin.com\/wp-content\/uploads\/2023\/09\/leona-rubin-logo-v1.png","contentUrl":"https:\/\/www.leonarubin.com\/wp-content\/uploads\/2023\/09\/leona-rubin-logo-v1.png","width":401,"height":153,"caption":"LeonaRubin Immobilien Teneriffa"},"image":{"@id":"https:\/\/www.leonarubin.com\/#\/schema\/logo\/image\/"},"sameAs":["https:\/\/www.instagram.com\/leonarubinrealestate\/","https:\/\/www.youtube.com\/@LeonaRubinImmobilien","https:\/\/de.pinterest.com\/leonarubinimmobilienteneriffa\/"]}]}},"_links":{"self":[{"href":"https:\/\/www.leonarubin.com\/es\/wp-json\/wp\/v2\/pages\/113284","targetHints":{"allow":["GET"]}}],"collection":[{"href":"https:\/\/www.leonarubin.com\/es\/wp-json\/wp\/v2\/pages"}],"about":[{"href":"https:\/\/www.leonarubin.com\/es\/wp-json\/wp\/v2\/types\/page"}],"author":[{"embeddable":true,"href":"https:\/\/www.leonarubin.com\/es\/wp-json\/wp\/v2\/users\/1"}],"replies":[{"embeddable":true,"href":"https:\/\/www.leonarubin.com\/es\/wp-json\/wp\/v2\/comments?post=113284"}],"version-history":[{"count":14,"href":"https:\/\/www.leonarubin.com\/es\/wp-json\/wp\/v2\/pages\/113284\/revisions"}],"predecessor-version":[{"id":115204,"href":"https:\/\/www.leonarubin.com\/es\/wp-json\/wp\/v2\/pages\/113284\/revisions\/115204"}],"wp:featuredmedia":[{"embeddable":true,"href":"https:\/\/www.leonarubin.com\/es\/wp-json\/wp\/v2\/media\/112732"}],"wp:attachment":[{"href":"https:\/\/www.leonarubin.com\/es\/wp-json\/wp\/v2\/media?parent=113284"}],"curies":[{"name":"wp","href":"https:\/\/api.w.org\/{rel}","templated":true}]}}