{"id":113295,"date":"2021-03-18T14:15:30","date_gmt":"2021-03-18T14:15:30","guid":{"rendered":"https:\/\/leonarubin.com\/kontakt\/"},"modified":"2025-06-22T22:09:10","modified_gmt":"2025-06-22T22:09:10","slug":"contacto","status":"publish","type":"page","link":"https:\/\/www.leonarubin.com\/es\/contacto\/","title":{"rendered":"CONTACTO"},"content":{"rendered":"<div class=\"wpb-content-wrapper\"><p>[vc_row row_height_percent=\u00bb49&#8243; back_color=\u00bbcolor-nhtu\u00bb overlay_alpha=\u00bb50&#8243; gutter_size=\u00bb3&#8243; column_width_percent=\u00bb100&#8243; shift_y=\u00bb0&#8243; z_index=\u00bb0&#8243; front_end_with_slider=\u00bbtrue\u00bb uncode_shortcode_id=\u00bb146874&#8243; back_color_type=\u00bbuncode-palette\u00bb][vc_column width=\u00bb1\/1&#8243;][uncode_slider slider_type=\u00bbfade\u00bb slider_interval=\u00bb5000&#8243; slider_navspeed=\u00bb1000&#8243; slider_loop=\u00bbyes\u00bb slider_hide_arrows=\u00bbyes\u00bb slider_hide_dots=\u00bbyes\u00bb][vc_row_inner row_inner_height_percent=\u00bb0&#8243; back_color=\u00bbcolor-nhtu\u00bb back_image=\u00bb111023&#8243; back_position=\u00bbcenter bottom\u00bb parallax=\u00bbyes\u00bb overlay_color=\u00bbcolor-jevc\u00bb overlay_alpha=\u00bb30&#8243; gutter_size=\u00bb3&#8243; shift_y=\u00bb0&#8243; z_index=\u00bb0&#8243; limit_content=\u00bbyes\u00bb front_end_with_slider=\u00bbtrue\u00bb uncode_shortcode_id=\u00bb131439&#8243; back_color_type=\u00bbuncode-palette\u00bb overlay_color_type=\u00bbuncode-palette\u00bb][vc_column_inner column_width_use_pixel=\u00bbyes\u00bb position_vertical=\u00bbmiddle\u00bb align_horizontal=\u00bbalign_center\u00bb gutter_size=\u00bb3&#8243; style=\u00bbdark\u00bb overlay_alpha=\u00bb50&#8243; shift_x=\u00bb0&#8243; shift_y=\u00bb0&#8243; shift_y_down=\u00bb0&#8243; z_index=\u00bb0&#8243; medium_width=\u00bb0&#8243; mobile_width=\u00bb0&#8243; zoom_width=\u00bb0&#8243; zoom_height=\u00bb0&#8243; width=\u00bb1\/1&#8243; column_width_pixel=\u00bb760&#8243; uncode_shortcode_id=\u00bb129691&#8243;][vc_single_image media=\u00bb111367&#8243; media_width_percent=\u00bb41&#8243; alignment=\u00bbcenter\u00bb uncode_shortcode_id=\u00bb838706&#8243;][\/vc_column_inner][\/vc_row_inner][\/uncode_slider][\/vc_column][\/vc_row][vc_row row_height_percent=\u00bb0&#8243; override_padding=\u00bbyes\u00bb h_padding=\u00bb0&#8243; top_padding=\u00bb2&#8243; bottom_padding=\u00bb2&#8243; back_color=\u00bbcolor-xsdn\u00bb back_image=\u00bb111320&#8243; overlay_color=\u00bbcolor-jevc\u00bb overlay_alpha=\u00bb23&#8243; gutter_size=\u00bb3&#8243; column_width_percent=\u00bb100&#8243; shift_y=\u00bb0&#8243; z_index=\u00bb0&#8243; uncode_shortcode_id=\u00bb151948&#8243; back_color_type=\u00bbuncode-palette\u00bb overlay_color_type=\u00bbuncode-palette\u00bb][vc_column column_width_percent=\u00bb100&#8243; gutter_size=\u00bb3&#8243; style=\u00bblight\u00bb back_color=\u00bbcolor-xsdn\u00bb overlay_alpha=\u00bb50&#8243; shift_x=\u00bb0&#8243; shift_y=\u00bb0&#8243; shift_y_down=\u00bb0&#8243; z_index=\u00bb0&#8243; medium_width=\u00bb0&#8243; mobile_width=\u00bb0&#8243; width=\u00bb1\/2&#8243; uncode_shortcode_id=\u00bb786960&#8243; back_color_type=\u00bbuncode-palette\u00bb css=\u00bb.vc_custom_1697790891311{padding-right: 60px !important;}\u00bb][vc_custom_heading heading_semantic=\u00bbh1&#8243; text_font=\u00bbfont-149896&#8243; text_size=\u00bbfontsize-153458&#8243; text_weight=\u00bb500&#8243; text_transform=\u00bbuppercase\u00bb text_align=\u00bbtext-center\u00bb text_serif=\u00bb\u00bb uncode_shortcode_id=\u00bb135308&#8243; el_class=\u00bbleona-62&#8243;]CONTACTE<br \/>\n<i class=\"title-line extend-left504\"><\/i><span class=\"leona-504\">Con nosotros<\/span>[\/vc_custom_heading]\n<div class=\"wpcf7 no-js\" id=\"wpcf7-f113879-o1\" lang=\"es-ES\" dir=\"ltr\" data-wpcf7-id=\"113879\">\n<div class=\"screen-reader-response\"><p role=\"status\" aria-live=\"polite\" aria-atomic=\"true\"><\/p> <ul><\/ul><\/div>\n<form action=\"\/es\/wp-json\/wp\/v2\/pages\/113295#wpcf7-f113879-o1\" method=\"post\" class=\"wpcf7-form init input-underline\" aria-label=\"Formulario de contacto\" novalidate=\"novalidate\" data-status=\"init\">\n<fieldset class=\"hidden-fields-container\"><input type=\"hidden\" name=\"_wpcf7\" value=\"113879\" \/><input type=\"hidden\" name=\"_wpcf7_version\" value=\"6.1.1\" \/><input type=\"hidden\" name=\"_wpcf7_locale\" value=\"es_ES\" \/><input type=\"hidden\" name=\"_wpcf7_unit_tag\" value=\"wpcf7-f113879-o1\" \/><input type=\"hidden\" name=\"_wpcf7_container_post\" value=\"0\" \/><input type=\"hidden\" name=\"_wpcf7_posted_data_hash\" value=\"\" \/><input type=\"hidden\" name=\"_wpcf7_recaptcha_response\" value=\"\" \/>\n<\/fieldset>\n<p><span class=\"wpcf7-form-control-wrap\" data-name=\"your-fullname\"><input size=\"40\" maxlength=\"400\" class=\"wpcf7-form-control wpcf7-text wpcf7-validates-as-required form-fluid\" aria-required=\"true\" aria-invalid=\"false\" placeholder=\"Nombre\" value=\"\" type=\"text\" name=\"your-fullname\" \/><\/span>\n<\/p>\n<div class=\"wpcf7-inline-wrapper\">\n\t<p class=\"wpcf7-inline-field\"><span class=\"wpcf7-form-control-wrap\" data-name=\"your-email\"><input size=\"40\" maxlength=\"400\" class=\"wpcf7-form-control wpcf7-email wpcf7-validates-as-required wpcf7-text wpcf7-validates-as-email\" aria-required=\"true\" aria-invalid=\"false\" placeholder=\"E-Mail\" value=\"\" type=\"email\" name=\"your-email\" \/><\/span>\n\t<\/p>\n\t<p class=\"wpcf7-inline-field\"><span class=\"wpcf7-form-control-wrap\" data-name=\"your-telephone\"><input size=\"40\" maxlength=\"400\" class=\"wpcf7-form-control wpcf7-text wpcf7-validates-as-required form-fluid\" aria-required=\"true\" aria-invalid=\"false\" placeholder=\"Tel\u00e9fono\" value=\"\" type=\"text\" name=\"your-telephone\" \/><\/span>\n\t<\/p>\n<\/div>\n<p><span class=\"wpcf7-form-control-wrap\" data-name=\"your-message\"><textarea cols=\"40\" rows=\"8\" maxlength=\"2000\" class=\"wpcf7-form-control wpcf7-textarea\" aria-invalid=\"false\" placeholder=\"Mensaje\" name=\"your-message\"><\/textarea><\/span>\n<\/p>\n\n<p><input class=\"wpcf7-form-control wpcf7-submit has-spinner btn\" type=\"submit\" value=\"Enviar\" \/>\n<\/p><div class=\"wpcf7-response-output\" aria-hidden=\"true\"><\/div>\n<\/form>\n<\/div>\n[\/vc_column][vc_column column_width_percent=\u00bb100&#8243; position_vertical=\u00bbmiddle\u00bb gutter_size=\u00bb3&#8243; style=\u00bbdark\u00bb back_color=\u00bbcolor-jevc\u00bb overlay_alpha=\u00bb50&#8243; shift_x=\u00bb-3&#8243; shift_y=\u00bb0&#8243; shift_y_down=\u00bb0&#8243; z_index=\u00bb0&#8243; medium_width=\u00bb0&#8243; mobile_width=\u00bb0&#8243; width=\u00bb1\/2&#8243; uncode_shortcode_id=\u00bb101685&#8243; back_color_type=\u00bbuncode-palette\u00bb][vc_empty_space empty_h=\u00bb1&#8243;][vc_single_image media=\u00bb111367&#8243; media_width_percent=\u00bb51&#8243; alignment=\u00bbcenter\u00bb uncode_shortcode_id=\u00bb207557&#8243;][vc_column_text text_color=\u00bbcolor-xsdn\u00bb uncode_shortcode_id=\u00bb451481&#8243; text_color_type=\u00bbuncode-palette\u00bb]<\/p>\n<p style=\"text-align: center; color: #ffffff;\"><strong>LeonaRubin Real Estate<\/strong><br \/>\nOficina de ventas Los Cristianos<br \/>\nAv. San Francisco 21<br \/>\n38650 Los Cristianos<br \/>\n<a style=\"color: #ffffff;\" href=\"tel:34683702291\" target=\"_blank\" rel=\"noopener\">+34 683 702 291<\/a><br \/>\n<a style=\"color: #ffffff;\" href=\"mailto:info@LeonaRubin.com\" target=\"_blank\" rel=\"noopener\">info@LeonaRubin.com<\/a>[\/vc_column_text][vc_empty_space empty_h=\u00bb1&#8243;][vc_empty_space empty_h=\u00bb1&#8243;][\/vc_column][\/vc_row][vc_row][vc_column width=\u00bb1\/1&#8243;][vc_raw_html]JTNDaWZyYW1lJTIwc3JjJTNEJTIyaHR0cHMlM0ElMkYlMkZ3d3cuZ29vZ2xlLmNvbSUyRm1hcHMlMkZlbWJlZCUzRnBiJTNEJTIxMW0xOCUyMTFtMTIlMjExbTMlMjExZDM1MTYuMjExNjUxNDAwNDYwNiUyMTJkLTE2LjgyOTIxNjEyMzg0NjY3JTIxM2QyOC4yMDA4ODE1MDM1NTAwNjglMjEybTMlMjExZjAlMjEyZjAlMjEzZjAlMjEzbTIlMjExaTEwMjQlMjEyaTc2OCUyMTRmMTMuMSUyMTNtMyUyMTFtMiUyMTFzMHhjNmE4ZGRkZTU4YjRmZWQlMjUzQTB4MjE3OGM5M2M3YTU0MzI1JTIxMnNMZW9uYVJ1YmluJTI1MjAtJTI1MjBJbW1vYmlsaWVuJTI1MjBUZW5lcmlmZmElMjUyMFMlMjVDMyUyNUJDZCUyMTVlMCUyMTNtMiUyMTFzZGUlMjEyc2RlJTIxNHYxNzUwNjI5NzYyMDQ4JTIxNW0yJTIxMXNkZSUyMTJzZGUlMjIlMjB3aWR0aCUzRCUyMjYwMCUyMiUyMGhlaWdodCUzRCUyMjQ1MCUyMiUyMHN0eWxlJTNEJTIyYm9yZGVyJTNBMCUzQiUyMiUyMGFsbG93ZnVsbHNjcmVlbiUzRCUyMiUyMiUyMGxvYWRpbmclM0QlMjJsYXp5JTIyJTIwcmVmZXJyZXJwb2xpY3klM0QlMjJuby1yZWZlcnJlci13aGVuLWRvd25ncmFkZSUyMiUzRSUzQyUyRmlmcmFtZSUzRQ==[\/vc_raw_html][\/vc_column][\/vc_row]<\/p>\n<\/div>","protected":false},"excerpt":{"rendered":"<p>[vc_row row_height_percent=\u00bb49&#8243; back_color=\u00bbcolor-nhtu\u00bb overlay_alpha=\u00bb50&#8243; gutter_size=\u00bb3&#8243; column_width_percent=\u00bb100&#8243; shift_y=\u00bb0&#8243; z_index=\u00bb0&#8243; front_end_with_slider=\u00bbtrue\u00bb uncode_shortcode_id=\u00bb146874&#8243; back_color_type=\u00bbuncode-palette\u00bb][vc_column width=\u00bb1\/1&#8243;][uncode_slider slider_type=\u00bbfade\u00bb slider_interval=\u00bb5000&#8243; slider_navspeed=\u00bb1000&#8243; slider_loop=\u00bbyes\u00bb slider_hide_arrows=\u00bbyes\u00bb slider_hide_dots=\u00bbyes\u00bb][vc_row_inner row_inner_height_percent=\u00bb0&#8243; back_color=\u00bbcolor-nhtu\u00bb [&hellip;]<\/p>\n","protected":false},"author":1,"featured_media":114112,"parent":0,"menu_order":0,"comment_status":"closed","ping_status":"closed","template":"","meta":{"footnotes":""},"class_list":["post-113295","page","type-page","status-publish","has-post-thumbnail","hentry"],"yoast_head":"<!-- This site is optimized with the Yoast SEO plugin v27.4 - https:\/\/yoast.com\/product\/yoast-seo-wordpress\/ -->\n<title>Contacto con LeonaRubin Tel.: +34 683 702 291 Correo electr\u00f3nico<\/title>\n<meta name=\"description\" content=\"Leona Rubin Inmobiliaria. Informaci\u00f3n de contacto, por tel\u00e9fono: +34 683 702 291, correo electr\u00f3nico al proveedor.\" \/>\n<meta name=\"robots\" content=\"index, follow, max-snippet:-1, max-image-preview:large, max-video-preview:-1\" \/>\n<link rel=\"canonical\" href=\"https:\/\/www.leonarubin.com\/kontakt\/\" \/>\n<meta property=\"og:locale\" content=\"es_ES\" \/>\n<meta property=\"og:type\" content=\"article\" \/>\n<meta property=\"og:title\" content=\"Contacto con LeonaRubin Tel.: +34 683 702 291 Correo electr\u00f3nico\" \/>\n<meta property=\"og:description\" content=\"Leona Rubin Inmobiliaria. Informaci\u00f3n de contacto, por tel\u00e9fono: +34 683 702 291, correo electr\u00f3nico al proveedor.\" \/>\n<meta property=\"og:url\" content=\"https:\/\/www.leonarubin.com\/kontakt\/\" \/>\n<meta property=\"og:site_name\" content=\"LeonaRubin\" \/>\n<meta property=\"article:publisher\" content=\"https:\/\/www.instagram.com\/leonarubinrealestate\/\" \/>\n<meta property=\"article:modified_time\" content=\"2025-06-22T22:09:10+00:00\" \/>\n<meta property=\"og:image\" content=\"https:\/\/www.leonarubin.com\/wp-content\/uploads\/2025\/01\/LOGO_LeonaRubin-RealEstate_horizontal_color.png\" \/>\n\t<meta property=\"og:image:width\" content=\"800\" \/>\n\t<meta property=\"og:image:height\" content=\"327\" \/>\n\t<meta property=\"og:image:type\" content=\"image\/png\" \/>\n<meta name=\"twitter:card\" content=\"summary_large_image\" \/>\n<meta name=\"twitter:label1\" content=\"Tiempo de lectura\" \/>\n\t<meta name=\"twitter:data1\" content=\"1 minuto\" \/>\n<script type=\"application\/ld+json\" class=\"yoast-schema-graph\">{\"@context\":\"https:\\\/\\\/schema.org\",\"@graph\":[{\"@type\":\"WebPage\",\"@id\":\"https:\\\/\\\/www.leonarubin.com\\\/kontakt\\\/\",\"url\":\"https:\\\/\\\/www.leonarubin.com\\\/kontakt\\\/\",\"name\":\"Contacto con LeonaRubin Tel.: +34 683 702 291 Correo electr\u00f3nico\",\"isPartOf\":{\"@id\":\"https:\\\/\\\/www.leonarubin.com\\\/#website\"},\"primaryImageOfPage\":{\"@id\":\"https:\\\/\\\/www.leonarubin.com\\\/kontakt\\\/#primaryimage\"},\"image\":{\"@id\":\"https:\\\/\\\/www.leonarubin.com\\\/kontakt\\\/#primaryimage\"},\"thumbnailUrl\":\"https:\\\/\\\/www.leonarubin.com\\\/wp-content\\\/uploads\\\/2025\\\/01\\\/LOGO_LeonaRubin-RealEstate_horizontal_color.png\",\"datePublished\":\"2021-03-18T14:15:30+00:00\",\"dateModified\":\"2025-06-22T22:09:10+00:00\",\"description\":\"Leona Rubin Inmobiliaria. Informaci\u00f3n de contacto, por tel\u00e9fono: +34 683 702 291, correo electr\u00f3nico al proveedor.\",\"breadcrumb\":{\"@id\":\"https:\\\/\\\/www.leonarubin.com\\\/kontakt\\\/#breadcrumb\"},\"inLanguage\":\"es\",\"potentialAction\":[{\"@type\":\"ReadAction\",\"target\":[\"https:\\\/\\\/www.leonarubin.com\\\/kontakt\\\/\"]}]},{\"@type\":\"ImageObject\",\"inLanguage\":\"es\",\"@id\":\"https:\\\/\\\/www.leonarubin.com\\\/kontakt\\\/#primaryimage\",\"url\":\"https:\\\/\\\/www.leonarubin.com\\\/wp-content\\\/uploads\\\/2025\\\/01\\\/LOGO_LeonaRubin-RealEstate_horizontal_color.png\",\"contentUrl\":\"https:\\\/\\\/www.leonarubin.com\\\/wp-content\\\/uploads\\\/2025\\\/01\\\/LOGO_LeonaRubin-RealEstate_horizontal_color.png\",\"width\":800,\"height\":327,\"caption\":\"Sofort Kontakt zu LeonaRubin Tel.: +34 683 702 291\"},{\"@type\":\"BreadcrumbList\",\"@id\":\"https:\\\/\\\/www.leonarubin.com\\\/kontakt\\\/#breadcrumb\",\"itemListElement\":[{\"@type\":\"ListItem\",\"position\":1,\"name\":\"Startseite\",\"item\":\"https:\\\/\\\/www.leonarubin.com\\\/es\\\/\"},{\"@type\":\"ListItem\",\"position\":2,\"name\":\"CONTACTO\"}]},{\"@type\":\"WebSite\",\"@id\":\"https:\\\/\\\/www.leonarubin.com\\\/#website\",\"url\":\"https:\\\/\\\/www.leonarubin.com\\\/\",\"name\":\"LeonaRubin\",\"description\":\"\",\"publisher\":{\"@id\":\"https:\\\/\\\/www.leonarubin.com\\\/#organization\"},\"potentialAction\":[{\"@type\":\"SearchAction\",\"target\":{\"@type\":\"EntryPoint\",\"urlTemplate\":\"https:\\\/\\\/www.leonarubin.com\\\/?s={search_term_string}\"},\"query-input\":{\"@type\":\"PropertyValueSpecification\",\"valueRequired\":true,\"valueName\":\"search_term_string\"}}],\"inLanguage\":\"es\"},{\"@type\":\"Organization\",\"@id\":\"https:\\\/\\\/www.leonarubin.com\\\/#organization\",\"name\":\"LeonaRubin Immobilien Teneriffa\",\"url\":\"https:\\\/\\\/www.leonarubin.com\\\/\",\"logo\":{\"@type\":\"ImageObject\",\"inLanguage\":\"es\",\"@id\":\"https:\\\/\\\/www.leonarubin.com\\\/#\\\/schema\\\/logo\\\/image\\\/\",\"url\":\"https:\\\/\\\/www.leonarubin.com\\\/wp-content\\\/uploads\\\/2023\\\/09\\\/leona-rubin-logo-v1.png\",\"contentUrl\":\"https:\\\/\\\/www.leonarubin.com\\\/wp-content\\\/uploads\\\/2023\\\/09\\\/leona-rubin-logo-v1.png\",\"width\":401,\"height\":153,\"caption\":\"LeonaRubin Immobilien Teneriffa\"},\"image\":{\"@id\":\"https:\\\/\\\/www.leonarubin.com\\\/#\\\/schema\\\/logo\\\/image\\\/\"},\"sameAs\":[\"https:\\\/\\\/www.instagram.com\\\/leonarubinrealestate\\\/\",\"https:\\\/\\\/www.youtube.com\\\/@LeonaRubinImmobilien\",\"https:\\\/\\\/de.pinterest.com\\\/leonarubinimmobilienteneriffa\\\/\"]}]}<\/script>\n<!-- \/ Yoast SEO plugin. -->","yoast_head_json":{"title":"Contacto con LeonaRubin Tel.: +34 683 702 291 Correo electr\u00f3nico","description":"Leona Rubin Inmobiliaria. Informaci\u00f3n de contacto, por tel\u00e9fono: +34 683 702 291, correo electr\u00f3nico al proveedor.","robots":{"index":"index","follow":"follow","max-snippet":"max-snippet:-1","max-image-preview":"max-image-preview:large","max-video-preview":"max-video-preview:-1"},"canonical":"https:\/\/www.leonarubin.com\/kontakt\/","og_locale":"es_ES","og_type":"article","og_title":"Contacto con LeonaRubin Tel.: +34 683 702 291 Correo electr\u00f3nico","og_description":"Leona Rubin Inmobiliaria. Informaci\u00f3n de contacto, por tel\u00e9fono: +34 683 702 291, correo electr\u00f3nico al proveedor.","og_url":"https:\/\/www.leonarubin.com\/kontakt\/","og_site_name":"LeonaRubin","article_publisher":"https:\/\/www.instagram.com\/leonarubinrealestate\/","article_modified_time":"2025-06-22T22:09:10+00:00","og_image":[{"width":800,"height":327,"url":"https:\/\/www.leonarubin.com\/wp-content\/uploads\/2025\/01\/LOGO_LeonaRubin-RealEstate_horizontal_color.png","type":"image\/png"}],"twitter_card":"summary_large_image","twitter_misc":{"Tiempo de lectura":"1 minuto"},"schema":{"@context":"https:\/\/schema.org","@graph":[{"@type":"WebPage","@id":"https:\/\/www.leonarubin.com\/kontakt\/","url":"https:\/\/www.leonarubin.com\/kontakt\/","name":"Contacto con LeonaRubin Tel.: +34 683 702 291 Correo electr\u00f3nico","isPartOf":{"@id":"https:\/\/www.leonarubin.com\/#website"},"primaryImageOfPage":{"@id":"https:\/\/www.leonarubin.com\/kontakt\/#primaryimage"},"image":{"@id":"https:\/\/www.leonarubin.com\/kontakt\/#primaryimage"},"thumbnailUrl":"https:\/\/www.leonarubin.com\/wp-content\/uploads\/2025\/01\/LOGO_LeonaRubin-RealEstate_horizontal_color.png","datePublished":"2021-03-18T14:15:30+00:00","dateModified":"2025-06-22T22:09:10+00:00","description":"Leona Rubin Inmobiliaria. Informaci\u00f3n de contacto, por tel\u00e9fono: +34 683 702 291, correo electr\u00f3nico al proveedor.","breadcrumb":{"@id":"https:\/\/www.leonarubin.com\/kontakt\/#breadcrumb"},"inLanguage":"es","potentialAction":[{"@type":"ReadAction","target":["https:\/\/www.leonarubin.com\/kontakt\/"]}]},{"@type":"ImageObject","inLanguage":"es","@id":"https:\/\/www.leonarubin.com\/kontakt\/#primaryimage","url":"https:\/\/www.leonarubin.com\/wp-content\/uploads\/2025\/01\/LOGO_LeonaRubin-RealEstate_horizontal_color.png","contentUrl":"https:\/\/www.leonarubin.com\/wp-content\/uploads\/2025\/01\/LOGO_LeonaRubin-RealEstate_horizontal_color.png","width":800,"height":327,"caption":"Sofort Kontakt zu LeonaRubin Tel.: +34 683 702 291"},{"@type":"BreadcrumbList","@id":"https:\/\/www.leonarubin.com\/kontakt\/#breadcrumb","itemListElement":[{"@type":"ListItem","position":1,"name":"Startseite","item":"https:\/\/www.leonarubin.com\/es\/"},{"@type":"ListItem","position":2,"name":"CONTACTO"}]},{"@type":"WebSite","@id":"https:\/\/www.leonarubin.com\/#website","url":"https:\/\/www.leonarubin.com\/","name":"LeonaRubin","description":"","publisher":{"@id":"https:\/\/www.leonarubin.com\/#organization"},"potentialAction":[{"@type":"SearchAction","target":{"@type":"EntryPoint","urlTemplate":"https:\/\/www.leonarubin.com\/?s={search_term_string}"},"query-input":{"@type":"PropertyValueSpecification","valueRequired":true,"valueName":"search_term_string"}}],"inLanguage":"es"},{"@type":"Organization","@id":"https:\/\/www.leonarubin.com\/#organization","name":"LeonaRubin Immobilien Teneriffa","url":"https:\/\/www.leonarubin.com\/","logo":{"@type":"ImageObject","inLanguage":"es","@id":"https:\/\/www.leonarubin.com\/#\/schema\/logo\/image\/","url":"https:\/\/www.leonarubin.com\/wp-content\/uploads\/2023\/09\/leona-rubin-logo-v1.png","contentUrl":"https:\/\/www.leonarubin.com\/wp-content\/uploads\/2023\/09\/leona-rubin-logo-v1.png","width":401,"height":153,"caption":"LeonaRubin Immobilien Teneriffa"},"image":{"@id":"https:\/\/www.leonarubin.com\/#\/schema\/logo\/image\/"},"sameAs":["https:\/\/www.instagram.com\/leonarubinrealestate\/","https:\/\/www.youtube.com\/@LeonaRubinImmobilien","https:\/\/de.pinterest.com\/leonarubinimmobilienteneriffa\/"]}]}},"_links":{"self":[{"href":"https:\/\/www.leonarubin.com\/es\/wp-json\/wp\/v2\/pages\/113295","targetHints":{"allow":["GET"]}}],"collection":[{"href":"https:\/\/www.leonarubin.com\/es\/wp-json\/wp\/v2\/pages"}],"about":[{"href":"https:\/\/www.leonarubin.com\/es\/wp-json\/wp\/v2\/types\/page"}],"author":[{"embeddable":true,"href":"https:\/\/www.leonarubin.com\/es\/wp-json\/wp\/v2\/users\/1"}],"replies":[{"embeddable":true,"href":"https:\/\/www.leonarubin.com\/es\/wp-json\/wp\/v2\/comments?post=113295"}],"version-history":[{"count":9,"href":"https:\/\/www.leonarubin.com\/es\/wp-json\/wp\/v2\/pages\/113295\/revisions"}],"predecessor-version":[{"id":115479,"href":"https:\/\/www.leonarubin.com\/es\/wp-json\/wp\/v2\/pages\/113295\/revisions\/115479"}],"wp:featuredmedia":[{"embeddable":true,"href":"https:\/\/www.leonarubin.com\/es\/wp-json\/wp\/v2\/media\/114112"}],"wp:attachment":[{"href":"https:\/\/www.leonarubin.com\/es\/wp-json\/wp\/v2\/media?parent=113295"}],"curies":[{"name":"wp","href":"https:\/\/api.w.org\/{rel}","templated":true}]}}